{"id":57,"date":"2025-06-26T13:30:55","date_gmt":"2025-06-26T11:30:55","guid":{"rendered":"https:\/\/eventsoffice.com\/?page_id=57"},"modified":"2025-07-25T15:13:47","modified_gmt":"2025-07-25T13:13:47","slug":"legale","status":"publish","type":"page","link":"https:\/\/eventsoffice.com\/it\/legal\/","title":{"rendered":"Legale"},"content":{"rendered":"<h1 class=\"wp-block-post-title\">Legale<\/h1>\n\n\n<p><\/p>\n\n\n\n<h2 class=\"wp-block-heading\">Gestione dei dati<\/h2>\n\n\n\n<p>Aggiornato il: 25.07.2025<\/p>\n\n\n\n<p>Siamo convinti che l'incontro con i dati personali sia trasparente. La presente Datenschutzerkl\u00e4rung fornisce indicazioni su quali dati personali sono stati inseriti, su quali aspetti e su quando sono stati inseriti. Per garantire un'elevata trasparenza, la Datenschutzerkl\u00e4rung viene regolarmente aggiornata e aggiornabile.<\/p>\n\n\n\n<h2 class=\"wp-block-heading\">1. Quali sono le diete che utilizziamo?<\/h2>\n\n\n\n<ul class=\"wp-block-list\">\n<li>Google Analytics<\/li>\n\n\n\n<li>Matomo Analytics<\/li>\n\n\n\n<li>Matomo Tag Manager<\/li>\n\n\n\n<li>jQuery CDN<\/li>\n\n\n\n<li>WordPress<\/li>\n\n\n\n<li>Google reCaptcha<\/li>\n<\/ul>\n\n\n\n<h2 class=\"wp-block-heading\">2. Informazioni di contatto<\/h2>\n\n\n\n<p>In caso di domande o richieste di protezione dei dati personali da parte nostra, potete contattarci via e-mail all'indirizzo . Verantwortlich f\u00fcr die Datenbearbeitungen, die \u00fcber diese Website erfolgen, ist:<\/p>\n\n\n\n<p>EventsOffice AG<br>Seestrasse 62<br>8806 B\u00e4ch<br>Svizzera<br><br><br><br><br><\/p>\n\n\n\n<h2 class=\"wp-block-heading\">3. Principi generali<\/h2>\n\n\n\n<h3 class=\"wp-block-heading\">3.1 Quali sono i dati che ci vengono forniti da Ihnen e da chi riceviamo questi dati?<\/h3>\n\n\n\n<p>In ogni caso, noi creiamo i dati personali che Lei ci ha inviato o che noi abbiamo inserito nel nostro sito web durante il suo utilizzo. In caso di problemi, riceviamo i dati personali su di voi anche da parte di terzi. Sono disponibili le seguenti categorie:<\/p>\n\n\n\n<ul class=\"wp-block-list\">\n<li>Personenstammdaten (nome, indirizzo, data di nascita, ecc.);<\/li>\n\n\n\n<li>Kontaktdaten (Handynummer, E-Mailadresse, ecc.);<\/li>\n\n\n\n<li>Finanzdaten (bspw. Kontoangaben);<\/li>\n\n\n\n<li>Onlinekennungen (bspw. Cookie-Kennung, IP-Adressen);<\/li>\n\n\n\n<li>Dati relativi a Standort e Verkehrsdaten;<\/li>\n\n\n\n<li>Ton- und Bildaufnahmen;<\/li>\n\n\n\n<li>dati pi\u00f9 importanti (ad esempio dati biometrici o dati sulla salute).<\/li>\n<\/ul>\n\n\n\n<h3 class=\"wp-block-heading\">3.2 In base a quali esigenze possiamo trattare i nostri dati?<\/h3>\n\n\n\n<p>Trattiamo i dati in modo vertraulico e con l'ausilio delle norme di sicurezza previste da questa direttiva. Puntiamo quindi su una Bearbeitung trasparente e verosimile.<br><br>Se non siamo in grado di gestire questi principi, la Datenbearbeitung pu\u00f2 essere considerata un problema, perch\u00e9 \u00e8 necessario un fondo di garanzia. Als Rechtfertigungsgrund kommt namentlich in Frage:<\/p>\n\n\n\n<ul class=\"wp-block-list\">\n<li>Ihre Einwilligung;<\/li>\n\n\n\n<li>la realizzazione di un Vertrages o di un Massnahmen;<\/li>\n\n\n\n<li>i nostri interessi fondamentali, anche se i loro interessi non vengono ignorati.<\/li>\n<\/ul>\n\n\n\n<h3 class=\"wp-block-heading\">3.3 Come si pu\u00f2 modificare la propria volont\u00e0?<\/h3>\n\n\n\n<p>Se avete ricevuto una richiesta di trattamento dei vostri dati personali per una determinata zona, vi forniremo i vostri dati nel contesto di questa richiesta, a condizione che non vi siano altri motivi per cui non possiamo accettare il trattamento dei dati.<br><br>Lei ha sempre la possibilit\u00e0 di ottenere la sua volont\u00e0 in modo pi\u00f9 ampio, se le viene inviata un'e-mail all'indirizzo indicato nell'Impressum. Le precedenti elaborazioni di dati non possono essere accettate.<\/p>\n\n\n\n<h3 class=\"wp-block-heading\">3.4 In quali casi \u00e8 possibile modificare i propri dati?<\/h3>\n\n\n\n<h4 class=\"wp-block-heading\">a. Punto di partenza<\/h4>\n\n\n\n<p>Wir sind unter Umst\u00e4nden darauf angewiesen, die Dienste Dritter oder von verbundenen Unternehmen in Anspruch zu nehmen und diese mit der Verarbeitung Ihrer Daten zu beauftragen (sog. Auftragsverarbeiter). Le categorie dei lavoratori sono le seguenti:<\/p>\n\n\n\n<ul class=\"wp-block-list\">\n<li>Buchhaltung, Treuhand e Revisionsunternehmen;<\/li>\n\n\n\n<li>Beratungsunternehmen (Rechtsberatung, Steuern, ecc.);<\/li>\n\n\n\n<li>IT-Dienstleister (Webhosting, Supporto, Clouddienste, Webseitengestaltung, ecc.);<\/li>\n\n\n\n<li>Zahlungsdienstleister;<\/li>\n\n\n\n<li>Fornitore di strumenti per il tracciamento, la conversione e l'assistenza ai clienti.<\/li>\n<\/ul>\n\n\n\n<p>Ci assicuriamo che i nostri clienti e le nostre imprese siano consapevoli delle esigenze del Datenschutzes e che i loro dati personali siano gestiti in modo corretto.<br><br>In alcuni casi siamo anche in grado di fornire i nostri dati personali ai nostri clienti.<\/p>\n\n\n\n<h4 class=\"wp-block-heading\">b. Accedere ai nostri Social-Media-Kan\u00e4le<\/h4>\n\n\n\n<p>Sul nostro sito web abbiamo inserito dei link ai nostri Social Media-Kan\u00e4len. Questo \u00e8 per Lei jeweils ersichtlich (typischerweise \u00fcber entsprechende Symbole). Se cliccate sui simboli, sarete indirizzati verso i nostri Social-Media-Kan\u00e4le.<br><br>I Social Media Anbieter possono comunicare, in questo caso, che i clienti del nostro sito web possono accedere alla loro piattaforma. I Social Media Anbieter possono utilizzare i dati cos\u00ec modificati per le proprie zone. Ci auguriamo di non avere alcun dubbio sull'importanza dei dati trasmessi e sul loro utilizzo da parte dell'utente.<\/p>\n\n\n\n<h4 class=\"wp-block-heading\">c. Weitergabe ins Ausland<\/h4>\n\n\n\n<p>Unter Umst\u00e4nden kann es im Rahmen der Auftragsbearbeitung zu \u00dcbermittlung Ihrer personenbezogenen Daten an Unternehmen im Ausland kommen. Queste aziende sono soggette alla stessa protezione dei dati, come noi stessi. L'\u00dcbermittlung pu\u00f2 essere trovata in tutto il mondo.<br><br>Poich\u00e9 il Datenschutzniveau non \u00e8 demistificabile in Svizzera, ci impegniamo a garantire un rischio adeguato e a verificare che la protezione dei dati come in Svizzera sia garantita (in base ai nuovi Standardvertragsklauseln della Commissione UE o ad altre massicce misure previste dalla legge). Se la nostra valutazione del rischio \u00e8 negativa, ci impegniamo ad adottare misure tecniche per la protezione dei dati personali. \u00c8 possibile consultare gli Standardvertragsklauseln della Commissione Europea al seguente link. https:\/\/commission.europa.eu\/publications\/standard-contractual-clauses-controllers-and-processors-eueea_de<\/p>\n\n\n\n<h3 class=\"wp-block-heading\">3,5 Quanto tempo ci vorr\u00e0 per avere i suoi dati?<\/h3>\n\n\n\n<p>I dati personali vengono trattati solo per un periodo di tempo cos\u00ec lungo, come \u00e8 necessario che sia, in modo che le singole zone, in cui i dati sono stati inseriti, possano essere sfruttate.<br><br>I dati, che noi stessi forniamo durante la visita al nostro sito web, vengono conservati per un periodo di due mesi. Un'altra possibilit\u00e0 \u00e8 rappresentata dai dati di analisi e tracciamento, che possono essere conservati pi\u00f9 a lungo.<br><br>I Vertragsdaten sono pi\u00f9 lunghi, in quanto sono stati verificati da noi in base a norme di legge. Dobbiamo garantire una comunicazione commerciale efficace, una serie di documenti e una serie di pubblicazioni da 10 anni a questa parte. Se non desideriamo che i nostri dati siano utilizzati per la realizzazione di servizi, i dati saranno distrutti e li utilizzeremo solo per le spese di rimborso e per le spese di gestione.<\/p>\n\n\n\n<h3 class=\"wp-block-heading\">3.6 Come si ottengono i dati?<\/h3>\n\n\n\n<p>I nostri dati vengono conservati in modo sicuro e tutti i dati personali non modificati vengono cancellati, in modo che i dati non possano essere distrutti, n\u00e9 danneggiati, n\u00e9 danneggiati o alterati.<br><br>I nostri Vertragspartner e collaboratori, che hanno accesso ai loro dati, sono tenuti a rispettare le norme di protezione dei dati. In alcuni casi \u00e8 necessario che noi ci occupiamo delle nostre richieste di informazioni presso le nostre aziende. Anche in questi casi, i dati vengono gestiti in modo trasparente.<br><br>All'interno del nostro sito web utilizziamo il protocollo SSL (Secure Socket Layer) in collegamento con la pi\u00f9 alta tecnologia di navigazione, che viene fornita dal browser.<\/p>\n\n\n\n<h3 class=\"wp-block-heading\">3.7 Quali sono le sue richieste?<\/h3>\n\n\n\n<h4 class=\"wp-block-heading\">a. Auskunftsrecht<\/h4>\n\n\n\n<p>Lei pu\u00f2 inviare in qualsiasi momento una comunicazione sui dati forniti da noi e da Lei. Ci impegniamo a inviarvi il vostro rapporto d'affari insieme a un documento d'identit\u00e0 all'indirizzo help@eventsoffice.com.<br><br>Lei ha inoltre il diritto di conservare i suoi dati in un altro Dataiformat, se i suoi dati vengono inseriti automaticamente, e se i suoi dati vengono inseriti in un altro Dataiformat:<\/p>\n\n\n\n<ul class=\"wp-block-list\">\n<li>Sie Ihre Einwilligung f\u00fcr die Bearbeitung dieser Daten erteilt haben; oder<\/li>\n\n\n\n<li>Sie Daten im Zusammenhang mit dem Abschluss oder der Abwicklung eines Vertrags bekannt gegeben haben.<\/li>\n<\/ul>\n\n\n\n<p>Possiamo modificare o modificare l'Auskunft bzw. Datenherausgabe, se si tratta di questioni che riguardano i nostri interessi legali, i nostri interessi personali o quelli di un'altra persona.<br><br>L'elaborazione dei suoi documenti \u00e8 soggetta a un termine di 30 giorni per l'elaborazione dei documenti stessi. Non possiamo accettare che i nostri documenti siano modificati a causa di un elevato grado di infragilit\u00e0, di motivi tecnici o giuridici, o se non abbiamo altre richieste da parte di Ihnen. Le informazioni sulla Fristverl\u00e4ngerung vengono fornite almeno in forma di testo.<\/p>\n\n\n\n<h4 class=\"wp-block-heading\">b. L\u00f6schung e Berichtigung<\/h4>\n\n\n\n<p>Lei ha sempre la possibilit\u00e0 di ottenere la cancellazione dei suoi dati. Possiamo modificare il contratto, se le Vorschriften uns di legge prevedono un'entrata in vigore pi\u00f9 ampia o se \u00e8 stato stabilito un certificato di idoneit\u00e0 per il contratto.<br><br>Si prega di tenere presente che l'applicazione del diritto di recesso in caso di conflitto di interessi con le misure di prevenzione e che si possono verificare effetti negativi sulla procedura di contrattazione (ad esempio, una riduzione dei costi di contrattazione).<\/p>\n\n\n\n<h4 class=\"wp-block-heading\">c. Rechtsweg<\/h4>\n\n\n\n<p>Se siete vittime della manipolazione di dati personali, avete il diritto di ottenere la vostra tutela o di ottenere una fusione con un'altra persona. Il foro competente in Svizzera \u00e8 la Eidgen\u00f6ssische Datenschutz- und \u00d6ffentlichkeitsbeauftragte: https:\/\/www.edoeb.admin.ch.<\/p>\n\n\n\n<h3 class=\"wp-block-heading\">3.8 Modifiche alla gestione dei dati<\/h3>\n\n\n\n<p>Possiamo modificare la nostra struttura dei dati in qualsiasi momento. Le modifiche vengono pubblicate sul sito eventsoffice.com e non vengono comunicate a terzi.<\/p>\n\n\n\n<h2 class=\"wp-block-heading\">4. I vari tipi di dati da elaborare<\/h2>\n\n\n\n<h3 class=\"wp-block-heading\">4.1 Creazione del sito web e creazione di file di registro<\/h3>\n\n\n\n<h4 class=\"wp-block-heading\">Quali informazioni abbiamo ottenuto e come le abbiamo utilizzate?<\/h4>\n\n\n\n<p>Se visitate eventsoffice.com, sui nostri server o sui server di aziende e prodotti, che noi gestiamo e\/o installiamo, vengono inseriti automaticamente i dati pi\u00f9 importanti per l'amministrazione del sistema, per le statistiche o per le misure di sicurezza o per il monitoraggio. In questo caso si tratta di:<\/p>\n\n\n\n<ul class=\"wp-block-list\">\n<li>il nome del proprio fornitore di servizi interni;<\/li>\n\n\n\n<li>Il suo indirizzo IP (unter Umst\u00e4nden);<\/li>\n\n\n\n<li>la versione del software del browser;<\/li>\n\n\n\n<li>il sistema di navigazione di Rechner con il suo URL;<\/li>\n\n\n\n<li>il dato e l'ora dello spostamento;<\/li>\n\n\n\n<li>die Webseite, von der aus Sie URL besuchen;<\/li>\n\n\n\n<li>die Suchw\u00f6rter die Sie benutzt haben, um die URL finden.<\/li>\n<\/ul>\n\n\n\n<h4 class=\"wp-block-heading\">Come possiamo gestire questi dati?<\/h4>\n\n\n\n<p>Questi dati non possono essere gestiti da una sola persona e non possono essere uniti ad altre fonti di dati. La protezione dei file di log avviene per garantire la funzionalit\u00e0 del sito web e per garantire la sicurezza dei nostri sistemi informatici. Questo \u00e8 il nostro interesse principale.<\/p>\n\n\n\n<h4 class=\"wp-block-heading\">Come si pu\u00f2 controllare la raccolta dei dati?<\/h4>\n\n\n\n<p>I dati vengono utilizzati solo in caso di necessit\u00e0, in quanto non sono necessari per l'aggiornamento dei dati di sicurezza. I dati vengono gelati dopo l'esecuzione di una sessione di lavoro. La protezione dei file di registro \u00e8 necessaria per il funzionamento del sito Web, ma non ha alcuna possibilit\u00e0 di essere utilizzata.<\/p>\n\n\n\n<h3 class=\"wp-block-heading\">4.2 Google Analytics<\/h3>\n\n\n\n<p>Sul nostro sito web utilizziamo Google Analytics, un servizio di analisi web di Google LLC (1600 Amphitheatre Parkway, Mountain View, CA 94043, USA; \"Google\"). Google Analytics utilizza i cosiddetti \"cookie\", dati di testo che vengono memorizzati sul computer dell'utente e che consentono un'analisi dell'utilizzo del sito web da parte di quest'ultimo.<br><br>Le informazioni ottenute tramite il cookie sull'utilizzo del sito web da parte dell'utente vengono trasmesse e gestite da un server di Google negli Stati Uniti. In seguito all'attivazione dell'anonimizzazione dell'IP su questo sito web, l'indirizzo IP di Google sar\u00e0 reso noto all'interno dei paesi dell'Unione Europea o in altri paesi dell'Unione Europea. Solo in Ausnahmef\u00e4llen l'indirizzo IP sar\u00e0 trasferito su un server di Google negli Stati Uniti e sar\u00e0 gestito in loco.<br><br>Su richiesta del Betreibers di questo sito web, Google fornir\u00e0 queste informazioni, per poter controllare l'utilizzo del sito web, per poter creare rapporti sulle attivit\u00e0 del sito web e per poter fornire ulteriori informazioni sulla protezione del sito web e sull'utilizzo di Internet.<br><br>L'indirizzo IP del browser che \u00e8 stato inviato non pu\u00f2 essere combinato con altri dati di Google.<br><br>\u00c8 possibile utilizzare i cookie per mezzo di un'installazione specifica del software del browser; si prega di notare che in questo caso non \u00e8 possibile utilizzare le funzioni del sito web in modo specifico. \u00c8 possibile, inoltre, che l'acquisizione di dati (ad esempio l'indirizzo IP) da parte di Google e il trattamento di tali dati da parte di Google siano garantiti, se si sceglie di utilizzare il Browser-Plugin di cui al seguente link: https:\/\/tools.google.com\/dlpage\/gaoptout.<\/p>\n\n\n\n<h3 class=\"wp-block-heading\">4.3 Matomo Analytics<\/h3>\n\n\n\n<p>Sul nostro sito web utilizziamo il servizio \"Matomo Analytics\", fornito da InnoCraft Ltd., 150 Willis St, 6011 Wellington, Neuseeland. Matomo \u00e8 un software open-source che consente di effettuare analisi web dettagliate e che, di conseguenza, conferisce un valore aggiunto alla protezione della privacy dei clienti.<br><br>Con l'aiuto di Matomo Analytics possiamo analizzare i dati relativi ai visitatori del nostro sito web, in modo da migliorare il loro comportamento e le loro informazioni. Dies beinhaltet Informationen dar\u00fcber, von welcher Website ein Besucher kommt, welche Bereiche unserer Seite er besucht und wie oft und wie lange er diese Bereiche betrachtet.<br><br>Matomo Analytics utilizza dei cookie per consentire l'analisi dei dati di navigazione. Questi cookie trasmettono informazioni in forma anonima, come ad esempio il numero di visitatori del sito web, il luogo in cui i visitatori del sito web sono arrivati e le pagine visitate. Se la protezione dei dati di Matomo ha un valore elevato, gli indirizzi IP vengono resi anonimi.<br><br>Uno degli aspetti principali dell'utilizzo di Matomo Analytics \u00e8 la protezione dei dati. Nel confronto con altri strumenti di analisi, i dati non vengono trasferiti a terzi.<\/p>\n\n\n\n<h3 class=\"wp-block-heading\">4.4 Matomo Tag Manager<\/h3>\n\n\n\n<p>Sul nostro sito web utilizziamo il \"Matomo Tag Manager\", un prodotto di InnoCraft Ltd., 150 Willis St, 6011 Wellington, Neuseeland. Matomo Tag Manager \u00e8 una soluzione open source che ci permette di gestire in modo efficiente i codici e i pixel di tracciamento sul nostro sito web, in modo da garantire la protezione della privacy dei nostri utenti.<br><br>Con l'utilizzo dei Tag Manager di Matomo possiamo integrare e controllare diversi strumenti di analisi e marketing sul nostro sito web, senza doverli inserire direttamente nel codice del sito. Questo ci permette di migliorare la comprensione del portafoglio clienti, di ottimizzare le nostre strategie di marketing e di migliorare l'intero servizio clienti sul nostro sito web.<br><br>Il Matomo Tag Manager utilizza tecnologie come i cookie, per garantire la funzionalit\u00e0 corretta degli strumenti integrati. Questi cookie trasmettono informazioni in forma anonima. Gli indirizzi IP vengono resi anonimi da Matomo, anche dopo l'utilizzo del servizio, in modo da garantire la protezione dei dati dell'utente.<br><br>Matomo Tag Manager attribuisce grande importanza alla protezione dei dati. I dati che gli strumenti integrati hanno integrato non possono essere trasferiti a terzi.<\/p>\n\n\n\n<h3 class=\"wp-block-heading\">4.5 jQuery CDN<\/h3>\n\n\n\n<p>Sul nostro sito web utilizziamo la \"jQuery CDN\" (Content Delivery Network), che viene fornita dalla jQuery Foundation. La jQuery Foundation \u00e8 un'organizzazione collettiva che si occupa dello sviluppo e dell'integrazione di software open source, in particolare della jQuery-Bibliothek.<br><br>jQuery \u00e8 una biblioteca JavaScript molto conosciuta, che ci permette di gestire in modo efficiente e gratuito le funzionalit\u00e0 del sito web. Con l'utilizzo di jQuery CDN possiamo garantire che questa biblioteca sia disponibile sul nostro sito web in modo rapido e veloce e che i tempi di attesa e l'operativit\u00e0 complessiva siano ridotti.<br><br>Das jQuery CDN utilizza cookie e altre tecnologie per ottimizzare le informazioni degli utenti e l'utilizzo della biblioteca. In questo modo \u00e8 possibile acquisire gli indirizzi IP e le informazioni sul browser degli utenti, per ottenere le migliori prestazioni e compatibilit\u00e0.<br><br>Se non volete che i vostri dati siano gestiti da jQuery CDN, potete inserire nel vostro browser delle impostazioni specifiche per bloccare il caricamento di informazioni da fonti esterne. Tenete presente, tuttavia, che questa funzione e l'utilit\u00e0 del nostro sito web possono essere compromesse.<\/p>\n\n\n\n<h3 class=\"wp-block-heading\">4,6 WordPress<\/h3>\n\n\n\n<p>Il nostro sito web si basa sulla piattaforma WordPress, un sistema di gestione dei contenuti, creato da Automattic Inc. 60 29th Street #343, San Francisco, CA 94110, USA. WordPress ci permette di creare, pubblicare e diffondere contenuti.<br><br>Con l'utilizzo del nostro sito web, che si basa su WordPress, \u00e8 possibile ottenere dati diversi, come l'indirizzo IP, il numero di telefono e la data e l'ora dell'accesso, nonch\u00e9 informazioni sul browser utilizzato dall'utente. Questi dati vengono utilizzati per scopi amministrativi e per garantire un funzionamento sicuro del Sito.<br><br>Alcune funzioni di WordPress, come Kommentare o Kontaktformulare, possono fornire dati personali, se vengono utilizzati.<\/p>\n\n\n\n<h3 class=\"wp-block-heading\">4.7 Google reCaptcha<\/h3>\n\n\n\n<p>Per la protezione delle informazioni non richieste relative al modulo Internet sul nostro sito web utilizziamo il sistema reCAPTCHA dell'azienda Google LLC (1600 Amphitheatre Parkway, Mountain View, CA 94043, USA; \"Google\"). L'analisi del contenuto \u00e8 finalizzata a stabilire se l'inserimento \u00e8 avvenuto da parte di un utente o se \u00e8 avvenuto in modo automatizzato. Nel corso dell'interrogazione \u00e8 possibile ottenere informazioni, come ad esempio l'indirizzo IP o il numero di telefono, da parte di Google, in caso di utilizzo del modulo.<br><br>In questo modo, la sua iscrizione a Google viene trasmessa e poi modificata. Con l'utilizzo di reCAPTCHA si capisce che l'iscrizione da parte di Ihnen alla Digitalisierung alter Werke non \u00e8 sufficiente. In seguito all'attivazione dell'anonimizzazione dell'IP su questo sito web, l'indirizzo IP di Google non sar\u00e0 pi\u00f9 visibile all'interno dei paesi dell'Unione Europea o in altri paesi in cui si \u00e8 svolto l'Abkommens \u00fcber den Europ\u00e4ischen Wirtschaftsraum.<br><br>Solo in Ausnahmef\u00e4llen, l'indirizzo IP viene trasmesso a un server di Google negli Stati Uniti e viene gestito in loco. Su richiesta dell'utente di questo sito web, Google fornir\u00e0 queste informazioni, in modo da garantire l'utilizzo di questo servizio. L'indirizzo IP trasmesso dal browser non pu\u00f2 essere combinato con altri dati di Google.<\/p>\n\n\n\n<h3 class=\"wp-block-heading\">BrainBox Generatoren<\/h3>\n\n\n\n<p>BrainBox Generatoren \u00e8 un servizio di BrainBox Solutions GmbH, che si occupa di tutte le informazioni rilevanti per la protezione dei dati sul sito web e, in particolare, di fornire assistenza per l'implementazione della protezione dei dati. Per questo motivo non vengono utilizzati o elaborati dati personali.<\/p>","protected":false},"excerpt":{"rendered":"<p>Datenschutzerkl\u00e4rung Zuletzt aktualisiert am: 25.07.2025 Wir legen grossen Wert darauf, dass der Umgang mit Personendaten transparent ist. Diese Datenschutzerkl\u00e4rung gibt Auskunft dar\u00fcber, welche personenbezogenen Daten wir sammeln, zu welchem Zweck und an wen wir sie weitergeben. Um eine hohe Transparenz zu gew\u00e4hrleisten, wird diese Datenschutzerkl\u00e4rung regelm\u00e4ssig \u00fcberpr\u00fcft und aktualisiert. 1. Welche Dienste wir nutzen 2. [&hellip;]<\/p>\n","protected":false},"author":1,"featured_media":0,"parent":0,"menu_order":0,"comment_status":"closed","ping_status":"closed","template":"","meta":{"_acf_changed":false,"footnotes":""},"class_list":["post-57","page","type-page","status-publish","hentry"],"acf":[],"_links":{"self":[{"href":"https:\/\/eventsoffice.com\/it\/wp-json\/wp\/v2\/pages\/57","targetHints":{"allow":["GET"]}}],"collection":[{"href":"https:\/\/eventsoffice.com\/it\/wp-json\/wp\/v2\/pages"}],"about":[{"href":"https:\/\/eventsoffice.com\/it\/wp-json\/wp\/v2\/types\/page"}],"author":[{"embeddable":true,"href":"https:\/\/eventsoffice.com\/it\/wp-json\/wp\/v2\/users\/1"}],"replies":[{"embeddable":true,"href":"https:\/\/eventsoffice.com\/it\/wp-json\/wp\/v2\/comments?post=57"}],"version-history":[{"count":7,"href":"https:\/\/eventsoffice.com\/it\/wp-json\/wp\/v2\/pages\/57\/revisions"}],"predecessor-version":[{"id":795,"href":"https:\/\/eventsoffice.com\/it\/wp-json\/wp\/v2\/pages\/57\/revisions\/795"}],"wp:attachment":[{"href":"https:\/\/eventsoffice.com\/it\/wp-json\/wp\/v2\/media?parent=57"}],"curies":[{"name":"wp","href":"https:\/\/api.w.org\/{rel}","templated":true}]}}