{"id":57,"date":"2025-06-26T13:30:55","date_gmt":"2025-06-26T11:30:55","guid":{"rendered":"https:\/\/eventsoffice.com\/?page_id=57"},"modified":"2025-07-25T15:13:47","modified_gmt":"2025-07-25T13:13:47","slug":"juridique","status":"publish","type":"page","link":"https:\/\/eventsoffice.com\/fr\/legal\/","title":{"rendered":"Juridique"},"content":{"rendered":"<h1 class=\"wp-block-post-title\">Juridique<\/h1>\n\n\n<p><\/p>\n\n\n\n<h2 class=\"wp-block-heading\">Analyse des donn\u00e9es<\/h2>\n\n\n\n<p>Mis \u00e0 jour le 25.07.2025<\/p>\n\n\n\n<p>Nous sommes convaincus que l'utilisation des donn\u00e9es personnelles est transparente. Ce rapport sur les donn\u00e9es permet de savoir quelles donn\u00e9es personnelles nous collectons, dans quelle mesure et quand nous les conservons. Afin de garantir une transparence \u00e9lev\u00e9e, ce registre des donn\u00e9es est r\u00e9guli\u00e8rement actualis\u00e9 et mis \u00e0 jour.<\/p>\n\n\n\n<h2 class=\"wp-block-heading\">1. Quels sont les produits que nous utilisons ?<\/h2>\n\n\n\n<ul class=\"wp-block-list\">\n<li>Google Analytics<\/li>\n\n\n\n<li>Matomo Analytics<\/li>\n\n\n\n<li>Matomo Tag Manager<\/li>\n\n\n\n<li>jQuery CDN<\/li>\n\n\n\n<li>WordPress<\/li>\n\n\n\n<li>Google reCaptcha<\/li>\n<\/ul>\n\n\n\n<h2 class=\"wp-block-heading\">2. Informations sur les contacts<\/h2>\n\n\n\n<p>Si vous avez des questions ou des r\u00e9clamations concernant la protection de vos donn\u00e9es par nous, veuillez nous contacter chaque fois par courrier \u00e9lectronique \u00e0 l'adresse suivante : . Il s'agit d'un droit valable pour les traitements de donn\u00e9es effectu\u00e9s sur ce site web :<\/p>\n\n\n\n<p>EventsOffice AG<br>Seestrasse 62<br>8806 B\u00e4ch<br>Suisse<br><br><br><br><br><\/p>\n\n\n\n<h2 class=\"wp-block-heading\">3. Principes g\u00e9n\u00e9raux<\/h2>\n\n\n\n<h3 class=\"wp-block-heading\">3.1 Quelles sont les donn\u00e9es que nous recevons de vous et de qui nous les recevons ?<\/h3>\n\n\n\n<p>Dans chaque cas, nous traitons les donn\u00e9es personnelles que vous nous avez envoy\u00e9es ou que nous avons obtenues lors de l'exploitation de notre site web. Sous les angles, nous obtenons des donn\u00e9es personnelles sur vous ainsi que sur des tiers. Les cat\u00e9gories suivantes peuvent \u00eatre utilis\u00e9es :<\/p>\n\n\n\n<ul class=\"wp-block-list\">\n<li>Personenstammdaten (Nom, Adresse, Geburtsdaten, etc.) ;<\/li>\n\n\n\n<li>Donn\u00e9es de contact (num\u00e9ro de t\u00e9l\u00e9phone, adresse \u00e9lectronique, etc.) ;<\/li>\n\n\n\n<li>Donn\u00e9es financi\u00e8res (bspw. Kontoangaben) ;<\/li>\n\n\n\n<li>Les donn\u00e9es en ligne (par exemple, les donn\u00e9es sur les cookies, les adresses IP) ;<\/li>\n\n\n\n<li>Donn\u00e9es sur les stocks et les transports ;<\/li>\n\n\n\n<li>Ton- und Bildaufnahmen ;<\/li>\n\n\n\n<li>des donn\u00e9es particuli\u00e8rement importantes (notamment des donn\u00e9es biom\u00e9triques ou des informations sur votre sant\u00e9).<\/li>\n<\/ul>\n\n\n\n<h3 class=\"wp-block-heading\">3.2 Quelles sont les raisons pour lesquelles nous traitons vos donn\u00e9es ?<\/h3>\n\n\n\n<p>Nous traitons vos donn\u00e9es de mani\u00e8re transparente et dans le respect des crit\u00e8res d\u00e9finis dans le pr\u00e9sent r\u00e8glement sur la protection des donn\u00e9es. Nous nous effor\u00e7ons donc de proc\u00e9der \u00e0 un traitement transparent et respectueux de l'environnement.<br><br>Si nous ne sommes pas en mesure d'appliquer ces principes, le traitement des donn\u00e9es peut n\u00e9anmoins s'av\u00e9rer efficace, sous r\u00e9serve de l'existence d'un fonds de garantie. Als Rechtfertigungsgrund kommt namentlich in Frage :<\/p>\n\n\n\n<ul class=\"wp-block-list\">\n<li>Ihre Einwilligung ;<\/li>\n\n\n\n<li>l'ex\u00e9cution d'une op\u00e9ration de contr\u00f4le ou d'une op\u00e9ration de masse ;<\/li>\n\n\n\n<li>nos int\u00e9r\u00eats l\u00e9gitimes, si ces derniers ne sont pas pris en compte.<\/li>\n<\/ul>\n\n\n\n<h3 class=\"wp-block-heading\">3.3 Comment pouvez-vous \u00e9largir votre participation ?<\/h3>\n\n\n\n<p>Si vous nous demandez de traiter vos donn\u00e9es personnelles pour des raisons particuli\u00e8res, nous traiterons vos donn\u00e9es dans le cadre de cette demande si nous n'avons pas d'autre motif de refus.<br><br>Vous avez toujours la possibilit\u00e9 d'exprimer votre volont\u00e9 en envoyant un courrier \u00e9lectronique \u00e0 l'adresse indiqu\u00e9e dans l'impressum. Les traitements de donn\u00e9es d\u00e9j\u00e0 effectu\u00e9s ne sont donc pas pris en compte.<\/p>\n\n\n\n<h3 class=\"wp-block-heading\">3.4 Dans quels cas pouvons-nous conserver vos donn\u00e9es ?<\/h3>\n\n\n\n<h4 class=\"wp-block-heading\">a. Grundsatz<\/h4>\n\n\n\n<p>Sous certaines conditions, nous sommes tenus de veiller \u00e0 ce que les services des employeurs ou d'autres entreprises soient pris en compte et \u00e0 ce qu'ils puissent traiter les donn\u00e9es les concernant (par exemple, les travailleurs ind\u00e9pendants). Les cat\u00e9gories d'employ\u00e9s sont nomm\u00e9ment d\u00e9sign\u00e9es :<\/p>\n\n\n\n<ul class=\"wp-block-list\">\n<li>Buchhaltung, Treuhand und Revisionsunternehmen ;<\/li>\n\n\n\n<li>Beratungsunternehmen (Rechtsberatung, Steuern, etc.) ;<\/li>\n\n\n\n<li>IT-Dienstleister (Webhosting, Support, Clouddienste, Webseitengestaltung, etc ;)<\/li>\n\n\n\n<li>Zahlungsdienstleister ;<\/li>\n\n\n\n<li>Anbieter von Tracking-, Conversion- und Werbedienstleistungen.<\/li>\n<\/ul>\n\n\n\n<p>Nous veillons \u00e0 ce que ces personnes et nos entreprises affili\u00e9es connaissent les avantages de la protection des donn\u00e9es et \u00e0 ce que leurs donn\u00e9es personnelles soient trait\u00e9es de mani\u00e8re appropri\u00e9e.<br><br>Sous certaines conditions, nous sommes \u00e9galement tenus d'accepter que les donn\u00e9es personnelles des citoyens soient conserv\u00e9es.<\/p>\n\n\n\n<h4 class=\"wp-block-heading\">b. Consulter notre portail de m\u00e9dias sociaux<\/h4>\n\n\n\n<p>Sur notre site web, nous avons parfois cr\u00e9\u00e9 des liens vers nos r\u00e9seaux sociaux. Ceci est pour vous un exemple (typiquement par le biais de symboles diff\u00e9rents). Cliquez sur le symbole et vous serez redirig\u00e9 vers nos r\u00e9seaux sociaux.<br><br>Les animateurs de m\u00e9dias sociaux vous informent alors de la mani\u00e8re dont vous pouvez acc\u00e9der \u00e0 notre site web sur cette plateforme. Les fournisseurs de m\u00e9dias sociaux peuvent utiliser les donn\u00e9es ainsi obtenues pour leurs propres sites. Nous ne connaissons pas le contenu des donn\u00e9es transmises ni leur utilisation par les utilisateurs.<\/p>\n\n\n\n<h4 class=\"wp-block-heading\">c. Remise en vigueur \u00e0 l'\u00e9tranger<\/h4>\n\n\n\n<p>Sous certaines conditions, il est possible, dans le cadre de la collecte de donn\u00e9es, d'obtenir l'autorisation d'utiliser ses donn\u00e9es personnelles aupr\u00e8s d'entreprises situ\u00e9es \u00e0 l'\u00e9tranger. Ces entreprises sont, comme nous, soumises aux m\u00eames r\u00e8gles de protection des donn\u00e9es. L'autorisation peut \u00eatre accord\u00e9e dans le monde entier.<br><br>Si la protection des donn\u00e9es n'est pas assur\u00e9e en Suisse, nous proc\u00e9dons \u00e0 une analyse s\u00e9rieuse des risques et nous nous assurons que la m\u00eame protection qu'en Suisse est garantie (notamment par les nouvelles normes de la Commission europ\u00e9enne ou par d'autres m\u00e9thodes approuv\u00e9es par l'UE). Si notre \u00e9valuation des risques est n\u00e9gative, nous proposons des mesures techniques de protection de vos donn\u00e9es. Vous pouvez consulter les r\u00e8glements standard de la Commission europ\u00e9enne en cliquant sur le lien suivant : https:\/\/commission.europa.eu\/publications\/standard-contractual-clauses-controllers-and-processors-eueea_de<\/p>\n\n\n\n<h3 class=\"wp-block-heading\">3.5 Quelle est la dur\u00e9e de validit\u00e9 de nos donn\u00e9es ?<\/h3>\n\n\n\n<p>Nous ne conservons les donn\u00e9es personnelles que pendant la dur\u00e9e n\u00e9cessaire pour que les diff\u00e9rents domaines dans lesquels les donn\u00e9es ont \u00e9t\u00e9 collect\u00e9es puissent \u00eatre exploit\u00e9s.<br><br>Les donn\u00e9es que nous enregistrons lors de votre visite sur notre site web ne sont pas conserv\u00e9es pendant plus de deux mois. Une r\u00e9ponse est donn\u00e9e pour les donn\u00e9es d'analyse et de suivi, qui peuvent \u00eatre conserv\u00e9es plus longtemps.<br><br>Les donn\u00e9es relatives aux documents nous paraissent plus longues, si nous sommes soumis \u00e0 des autorisations l\u00e9gales. Nous devons notamment veiller \u00e0 une communication efficace, \u00e0 des documents d\u00e9taill\u00e9s et \u00e0 des publications datant de plus de 10 ans. Si nous n'avons plus besoin de ces donn\u00e9es pour la r\u00e9alisation des prestations, elles seront g\u00e9r\u00e9es et nous ne les utiliserons plus que pour les besoins de la proc\u00e9dure de r\u00e9clamation et pour les besoins de la proc\u00e9dure d'appel d'offres.<\/p>\n\n\n\n<h3 class=\"wp-block-heading\">3.6 Comment conserver vos donn\u00e9es ?<\/h3>\n\n\n\n<p>Nous veillons \u00e0 ce que vos donn\u00e9es soient conserv\u00e9es en toute s\u00e9curit\u00e9 et \u00e0 ce que toutes les donn\u00e9es de masse ind\u00e9sirables soient v\u00e9rifi\u00e9es, afin que vos donn\u00e9es soient prot\u00e9g\u00e9es contre les pertes, les d\u00e9tournements, les fraudes et les alt\u00e9rations.<br><br>Nos partenaires et collaborateurs, qui ont acc\u00e8s \u00e0 nos donn\u00e9es, sont tenus de respecter les dispositions en mati\u00e8re de protection des donn\u00e9es. Dans de nombreux cas, il est n\u00e9cessaire de nous demander de prendre en compte vos demandes aupr\u00e8s d'autres entreprises. Dans ces cas \u00e9galement, vos donn\u00e9es seront trait\u00e9es de mani\u00e8re transparente.<br><br>Sur notre site Web, nous utilisons le protocole SSL (Secure Socket Layer) en liaison avec le dispositif de verrouillage le plus performant, qui est activ\u00e9 par votre navigateur.<\/p>\n\n\n\n<h3 class=\"wp-block-heading\">3.7 Quelles sont les raisons qui vous poussent \u00e0 agir ?<\/h3>\n\n\n\n<h4 class=\"wp-block-heading\">a. Auskunftsrecht<\/h4>\n\n\n\n<p>Vous pouvez \u00e0 tout moment transmettre une demande d'acc\u00e8s aux donn\u00e9es que nous vous avons communiqu\u00e9es. Nous vous demandons d'envoyer votre demande d'autorisation accompagn\u00e9e d'une marque d'identification \u00e0 help@eventsoffice.com.<br><br>Vous avez \u00e9galement le droit de conserver vos donn\u00e9es dans un autre format de date, lorsque nous traitons automatiquement vos donn\u00e9es et lorsque vous avez besoin d'aide :<\/p>\n\n\n\n<ul class=\"wp-block-list\">\n<li>Vous avez manifest\u00e9 votre volont\u00e9 de traiter ces donn\u00e9es ; ou<\/li>\n\n\n\n<li>Sie Daten im Zusammenhang mit dem Abschluss oder der Abwicklung eines Vertrags bekannt gegeben haben.<\/li>\n<\/ul>\n\n\n\n<p>Nous pouvons modifier ou compl\u00e9ter l'acc\u00e8s ou la collecte de donn\u00e9es si cela s'av\u00e8re n\u00e9cessaire pour satisfaire \u00e0 nos obligations l\u00e9gales, \u00e0 nos int\u00e9r\u00eats personnels ou professionnels ou \u00e0 ceux d'une autre personne.<br><br>Le traitement de vos dossiers est soumis au d\u00e9lai l\u00e9gal de traitement de 30 jours. Ce d\u00e9lai ne peut toutefois \u00eatre prolong\u00e9 en raison d'un niveau d'information \u00e9lev\u00e9, de motifs juridiques ou techniques, ou si nous ne recevons pas d'autres informations de la part de l'int\u00e9ress\u00e9. Vous serez inform\u00e9s de la dur\u00e9e de validit\u00e9 de l'accord au plus tard sous la forme d'un texte.<\/p>\n\n\n\n<h4 class=\"wp-block-heading\">b. L\u00f6schung et Berichtigung<\/h4>\n\n\n\n<p>Vous avez toujours la possibilit\u00e9 de modifier ou de divulguer vos donn\u00e9es. Nous pouvons modifier l'accord si des dispositions l\u00e9gales nous autorisent \u00e0 prolonger ou \u00e0 modifier l'accord ou si un accord d'indemnisation est conclu pour votre accord.<br><br>Nous vous rappelons que l'exercice de vos droits sous certaines conditions est en contradiction avec les obligations contractuelles et qu'il peut avoir des cons\u00e9quences importantes sur l'ex\u00e9cution du contrat (par exemple, une solution de remplacement ou des frais).<\/p>\n\n\n\n<h4 class=\"wp-block-heading\">c. Rechtsweg<\/h4>\n\n\n\n<p>Si vous \u00eates concern\u00e9s par le traitement de donn\u00e9es personnelles, vous avez le droit de faire valoir vos droits ou d'obtenir une autorisation de la part d'une autorit\u00e9 comp\u00e9tente. L'autorit\u00e9 comp\u00e9tente en Suisse est la Commission europ\u00e9enne de protection des donn\u00e9es et de l'environnement : https:\/\/www.edoeb.admin.ch<\/p>\n\n\n\n<h3 class=\"wp-block-heading\">3.8 Modifications de la r\u00e9glementation relative \u00e0 la protection des donn\u00e9es<\/h3>\n\n\n\n<p>Nous pouvons modifier cette r\u00e9glementation en mati\u00e8re de traitement des donn\u00e9es \u00e0 tout moment. Les modifications seront publi\u00e9es sur le site eventsoffice.com, mais vous ne serez pas tenus inform\u00e9s de ces modifications.<\/p>\n\n\n\n<h2 class=\"wp-block-heading\">4. Les diff\u00e9rents types de traitement de donn\u00e9es<\/h2>\n\n\n\n<h3 class=\"wp-block-heading\">4.1 Mise en place du site web et cr\u00e9ation de fichiers journaux<\/h3>\n\n\n\n<h4 class=\"wp-block-heading\">Quelles sont les informations que nous recevons et comment les utiliser ?<\/h4>\n\n\n\n<p>Lorsque vous utilisez eventsoffice.com, nos serveurs ou les serveurs de services et de produits que nous utilisons et \/ ou installons contiennent des donn\u00e9es particuli\u00e8res qui sont automatiquement utilis\u00e9es dans le cadre de l'administration du syst\u00e8me, \u00e0 des fins statistiques ou de s\u00e9curit\u00e9, ou encore pour le suivi. Il s'agit donc de :<\/p>\n\n\n\n<ul class=\"wp-block-list\">\n<li>le nom de votre fournisseur de services Internet ;<\/li>\n\n\n\n<li>Son adresse IP (en dehors des pays) ;<\/li>\n\n\n\n<li>la version du logiciel de navigation ;<\/li>\n\n\n\n<li>le syst\u00e8me de gestion des recettes avec l'URL qui a \u00e9t\u00e9 modifi\u00e9 ;<\/li>\n\n\n\n<li>la date et l'heure d'entr\u00e9e en vigueur ;<\/li>\n\n\n\n<li>le site Web dont l'URL est recherch\u00e9e ;<\/li>\n\n\n\n<li>les mots-cl\u00e9s que vous utilisez pour trouver l'URL.<\/li>\n<\/ul>\n\n\n\n<h4 class=\"wp-block-heading\">Comment pouvons-nous traiter ces donn\u00e9es ?<\/h4>\n\n\n\n<p>Ces donn\u00e9es ne peuvent \u00eatre attribu\u00e9es \u00e0 aucune personne en particulier et il n'y a pas d'association de ces donn\u00e9es avec d'autres sources de donn\u00e9es. La sauvegarde des fichiers journaux a pour but de garantir la fonctionnalit\u00e9 du site web et d'assurer la s\u00e9curit\u00e9 de notre syst\u00e8me informatique. C'est l\u00e0 que r\u00e9side notre int\u00e9r\u00eat l\u00e9gitime.<\/p>\n\n\n\n<h4 class=\"wp-block-heading\">Comment pouvez-vous contr\u00f4ler la collecte de donn\u00e9es ?<\/h4>\n\n\n\n<p>Les donn\u00e9es ne sont que rarement prises en compte, dans la mesure o\u00f9 elles sont n\u00e9cessaires \u00e0 l'\u00e9valuation de l'\u00e9tat de sant\u00e9 de l'utilisateur. Les donn\u00e9es doivent \u00eatre effac\u00e9es d\u00e8s la fin de l'utilisation de l'appareil. La sauvegarde des fichiers journaux n'est pas n\u00e9cessaire pour l'exploitation du site web. Vous n'avez donc pas la possibilit\u00e9 d'effectuer des recherches sur ce site.<\/p>\n\n\n\n<h3 class=\"wp-block-heading\">4.2 Google Analytics<\/h3>\n\n\n\n<p>Nous utilisons sur notre site Web Google Analytics, un service d'analyse Web de Google LLC (1600 Amphitheatre Parkway, Mountain View, CA 94043, USA ; \"Google\"). Google Analytics utilise des \"cookies\", c'est-\u00e0-dire des donn\u00e9es textuelles qui sont stock\u00e9es sur votre ordinateur et qui permettent d'analyser votre utilisation du site web.<br><br>Les informations obtenues \u00e0 l'aide de cookies concernant votre utilisation de ce site Web sont transf\u00e9r\u00e9es, dans le respect du r\u00e8glement, \u00e0 un serveur de Google situ\u00e9 aux \u00c9tats-Unis, o\u00f9 elles sont g\u00e9r\u00e9es. Lors de l'activation de l'anonymisation IP sur ce site Web, l'adresse IP de Google sera conserv\u00e9e au sein des \u00c9tats membres de l'Union europ\u00e9enne ou dans d'autres \u00c9tats membres de l'accord sur le cadre \u00e9conomique europ\u00e9en en vigueur jusqu'\u00e0 pr\u00e9sent. Dans certains cas, l'adresse IP volante sera transmise \u00e0 un serveur de Google aux \u00c9tats-Unis, o\u00f9 elle sera conserv\u00e9e.<br><br>Au nom des utilisateurs de ce site Web, Google utilisera ces informations afin d'am\u00e9liorer l'utilisation du site Web, d'\u00e9tablir des rapports sur les activit\u00e9s du site Web et de mettre en \u0153uvre d'autres mesures li\u00e9es \u00e0 la protection du site Web et \u00e0 la navigation sur Internet \u00e0 l'encontre de l'utilisateur du site Web.<br><br>L'adresse IP transmise \u00e0 mon navigateur dans le cadre de Google Analytics ne sera pas combin\u00e9e \u00e0 d'autres donn\u00e9es de Google.<br><br>Vous pouvez autoriser l'utilisation de cookies par une configuration appropri\u00e9e de votre logiciel de navigation ; nous vous informons toutefois que, dans ce cas, vous ne pouvez pas modifier les fonctions de ce site Web. Vous pouvez notamment autoriser la collecte de donn\u00e9es (notamment l'adresse IP) par le biais d'un cookie et leur utilisation par Google, ainsi que le traitement de ces donn\u00e9es par Google, en installant le plug-in de navigateur suivant : https:\/\/tools.google.com\/dlpage\/gaoptout.<\/p>\n\n\n\n<h3 class=\"wp-block-heading\">4.3 Matomo Analytics<\/h3>\n\n\n\n<p>Nous utilisons sur notre site Web le service \"Matomo Analytics\", cr\u00e9\u00e9 par InnoCraft Ltd, 150 Willis St, 6011 Wellington, Neuseeland. Matomo est un logiciel libre qui permet d'effectuer des analyses d\u00e9taill\u00e9es des sites web et qui a donc une grande influence sur la protection de la vie priv\u00e9e des utilisateurs.<br><br>Avec l'aide de Matomo Analytics, nous pouvons analyser le comportement de nos visiteurs, afin d'am\u00e9liorer constamment le comportement des visiteurs et les contenus de notre site web. Cela comprend des informations telles que le site Web d'un visiteur, les domaines de notre site qu'il consulte et la fr\u00e9quence et la dur\u00e9e de la consultation de ces domaines.<br><br>Matomo Analytics utilise des cookies pour analyser le comportement des utilisateurs. Ces cookies contiennent des informations sous forme anonyme, notamment le nombre de visiteurs du site web, la provenance des visiteurs du site web et les pages qu'ils ont consult\u00e9es. Si la protection des donn\u00e9es de Matomo a un niveau \u00e9lev\u00e9, les adresses IP sont anonymis\u00e9es avant la protection.<br><br>L'une des principales caract\u00e9ristiques de l'utilisation de Matomo Analytics est la protection des donn\u00e9es. Par rapport \u00e0 d'autres outils d'analyse, les donn\u00e9es ne doivent pas \u00eatre modifi\u00e9es.<\/p>\n\n\n\n<h3 class=\"wp-block-heading\">4.4 Matomo Tag Manager<\/h3>\n\n\n\n<p>Sur notre site web, nous utilisons le \"Matomo Tag Manager\", un produit de InnoCraft Ltd, 150 Willis St, 6011 Wellington, Neuseeland. Le Matomo Tag Manager est une solution Open-Source qui nous permet de g\u00e9rer efficacement diff\u00e9rents codes et pixels de suivi sur notre site web, tout en prot\u00e9geant la sph\u00e8re priv\u00e9e des utilisateurs.<br><br>Gr\u00e2ce \u00e0 l'utilisation de Matomo Tag Managers, nous pouvons int\u00e9grer et g\u00e9rer diff\u00e9rents outils d'analyse et de marketing sur notre site web, sans avoir \u00e0 entrer directement dans le code du site web. Cela nous permet de mieux comprendre le comportement des utilisateurs, d'optimiser nos m\u00e9thodes de marketing et d'am\u00e9liorer l'ensemble des services offerts par notre site web.<br><br>Le gestionnaire de balises Matomo utilise des technologies telles que les cookies, afin d'am\u00e9liorer les fonctionnalit\u00e9s des outils int\u00e9gr\u00e9s. Ces cookies recueillent des informations sous une forme anonyme. Les adresses IP sont anonymis\u00e9es par Matomo avant la protection de la vie priv\u00e9e, afin de prot\u00e9ger les donn\u00e9es des utilisateurs.<br><br>Le Matomo Tag Manager accorde une grande importance \u00e0 la protection des donn\u00e9es. Les donn\u00e9es qui sont regroup\u00e9es par les outils int\u00e9gr\u00e9s ne sont pas modifi\u00e9es par d'autres personnes.<\/p>\n\n\n\n<h3 class=\"wp-block-heading\">4.5 CDN jQuery<\/h3>\n\n\n\n<p>Sur notre site web, nous utilisons le \"jQuery CDN\" (Content Delivery Network), qui a \u00e9t\u00e9 cr\u00e9\u00e9 par la Fondation jQuery. La Fondation jQuery est une organisation g\u00e9ante qui s'occupe du d\u00e9veloppement et du soutien des logiciels libres, en particulier de la biblioth\u00e8que jQuery.<br><br>jQuery est une biblioth\u00e8que JavaScript tr\u00e8s r\u00e9pandue, qui nous permet de concevoir des fonctions Web plus efficaces et plus conviviales. Gr\u00e2ce \u00e0 l'utilisation du CDN jQuery, nous pouvons garantir que cette biblioth\u00e8que sera install\u00e9e rapidement et efficacement sur notre site web, ce qui r\u00e9duira les d\u00e9lais d'attente et la dur\u00e9e totale de l'exp\u00e9rience utilisateur.<br><br>Le CDN jQuery utilise des cookies et d'autres technologies afin d'am\u00e9liorer les informations fournies par les utilisateurs et d'optimiser l'utilisation de la biblioth\u00e8que. Ainsi, les adresses IP et les informations relatives au navigateur des utilisateurs peuvent \u00eatre enregistr\u00e9es, afin de garantir des performances et une compatibilit\u00e9 optimales.<br><br>Si vous ne voulez pas que vos donn\u00e9es soient transf\u00e9r\u00e9es via le CDN jQuery, vous pouvez appliquer dans votre navigateur des r\u00e9glages sp\u00e9cifiques pour bloquer le chargement d'entr\u00e9es provenant de sources externes. Notez toutefois que cela peut avoir une incidence sur la fonctionnalit\u00e9 et le b\u00e9n\u00e9fice de notre site web.<\/p>\n\n\n\n<h3 class=\"wp-block-heading\">4.6 WordPress<\/h3>\n\n\n\n<p>Notre site web repose sur la plateforme WordPress, un syst\u00e8me de gestion de contenu con\u00e7u par Automattic Inc. 60 29th Street #343, San Francisco, CA 94110, USA. WordPress nous permet de cr\u00e9er, de g\u00e9rer et de diffuser des contenus.<br><br>Lors de l'utilisation de notre site web, qui est bas\u00e9 sur WordPress, plusieurs donn\u00e9es, telles que l'adresse IP, la date et l'heure de l'acc\u00e8s, ainsi que des informations sur le navigateur utilis\u00e9 par l'utilisateur, peuvent \u00eatre saisies et exploit\u00e9es. Ces donn\u00e9es sont utilis\u00e9es uniquement \u00e0 des fins administratives et pour garantir un fonctionnement optimal du site web.<br><br>Certaines fonctions de WordPress, telles que les commentaires ou les formulaires de contact, peuvent g\u00e9n\u00e9rer des donn\u00e9es personnelles si vous les utilisez.<\/p>\n\n\n\n<h3 class=\"wp-block-heading\">4.7 Google reCaptcha<\/h3>\n\n\n\n<p>Pour prot\u00e9ger les informations non souhait\u00e9es sur le formulaire Internet de notre site Web, nous utilisons le fichier reCAPTCHA de l'entreprise Google LLC (1600 Amphitheatre Parkway, Mountain View, CA 94043, USA ; \"Google\"). L'abus fait partie de la v\u00e9rification, que l'utilisation soit le fait d'une personne ou d'un traitement automatis\u00e9 et m\u00e9canique. Dans le cadre de l'Abus, des informations, telles que, par exemple, l'adresse IP ou le comportement lors de l'utilisation des formulaires, peuvent \u00eatre transmises \u00e0 Google.<br><br>C'est dans cette optique que votre inscription sur Google est transmise et qu'elle est ensuite modifi\u00e9e. L'utilisation de reCAPTCHA vous permet de comprendre que l'utilisation que vous faites de vos donn\u00e9es dans le cadre de la num\u00e9risation de vos travaux n'est pas suffisante. Lors de l'activation de l'anonymisation IP sur ce site Web, l'adresse IP de Google ne sera pas utilis\u00e9e \u00e0 l'int\u00e9rieur des \u00c9tats membres de l'Union europ\u00e9enne ou dans d'autres \u00c9tats membres de l'Union europ\u00e9enne, conform\u00e9ment \u00e0 l'accord sur l'espace \u00e9conomique europ\u00e9en en vigueur.<br><br>Dans certains cas, l'adresse IP volante sera transmise \u00e0 un serveur de Google aux \u00c9tats-Unis et y sera conserv\u00e9e. \u00c0 la demande de l'utilisateur de ce site Web, Google fournira ces informations afin d'am\u00e9liorer l'utilisation de ce service. L'adresse IP transmise par le navigateur dans le cadre de la proc\u00e9dure reCAPTCHA ne sera pas combin\u00e9e \u00e0 d'autres donn\u00e9es de Google.<\/p>\n\n\n\n<h3 class=\"wp-block-heading\">G\u00e9n\u00e9rateurs BrainBox<\/h3>\n\n\n\n<p>BrainBox Generatoren est un service de BrainBox Solutions GmbH qui a pour but de faire conna\u00eetre toutes les donn\u00e9es relatives \u00e0 la protection des donn\u00e9es sur un site web et d'aider \u00e0 l'\u00e9laboration d'un syst\u00e8me de protection des donn\u00e9es. Aucune donn\u00e9e personnelle n'est collect\u00e9e ou trait\u00e9e \u00e0 cette occasion.<\/p>","protected":false},"excerpt":{"rendered":"<p>Datenschutzerkl\u00e4rung Zuletzt aktualisiert am: 25.07.2025 Wir legen grossen Wert darauf, dass der Umgang mit Personendaten transparent ist. Diese Datenschutzerkl\u00e4rung gibt Auskunft dar\u00fcber, welche personenbezogenen Daten wir sammeln, zu welchem Zweck und an wen wir sie weitergeben. Um eine hohe Transparenz zu gew\u00e4hrleisten, wird diese Datenschutzerkl\u00e4rung regelm\u00e4ssig \u00fcberpr\u00fcft und aktualisiert. 1. Welche Dienste wir nutzen 2. [&hellip;]<\/p>\n","protected":false},"author":1,"featured_media":0,"parent":0,"menu_order":0,"comment_status":"closed","ping_status":"closed","template":"","meta":{"_acf_changed":false,"footnotes":""},"class_list":["post-57","page","type-page","status-publish","hentry"],"acf":[],"_links":{"self":[{"href":"https:\/\/eventsoffice.com\/fr\/wp-json\/wp\/v2\/pages\/57","targetHints":{"allow":["GET"]}}],"collection":[{"href":"https:\/\/eventsoffice.com\/fr\/wp-json\/wp\/v2\/pages"}],"about":[{"href":"https:\/\/eventsoffice.com\/fr\/wp-json\/wp\/v2\/types\/page"}],"author":[{"embeddable":true,"href":"https:\/\/eventsoffice.com\/fr\/wp-json\/wp\/v2\/users\/1"}],"replies":[{"embeddable":true,"href":"https:\/\/eventsoffice.com\/fr\/wp-json\/wp\/v2\/comments?post=57"}],"version-history":[{"count":7,"href":"https:\/\/eventsoffice.com\/fr\/wp-json\/wp\/v2\/pages\/57\/revisions"}],"predecessor-version":[{"id":795,"href":"https:\/\/eventsoffice.com\/fr\/wp-json\/wp\/v2\/pages\/57\/revisions\/795"}],"wp:attachment":[{"href":"https:\/\/eventsoffice.com\/fr\/wp-json\/wp\/v2\/media?parent=57"}],"curies":[{"name":"wp","href":"https:\/\/api.w.org\/{rel}","templated":true}]}}