{"id":27,"date":"2025-06-26T09:50:14","date_gmt":"2025-06-26T09:50:14","guid":{"rendered":"https:\/\/eventsoffice.com\/?page_id=27"},"modified":"2025-07-01T11:13:31","modified_gmt":"2025-07-01T09:13:31","slug":"caracteristiques","status":"publish","type":"page","link":"https:\/\/eventsoffice.com\/fr\/features\/","title":{"rendered":"Features"},"content":{"rendered":"<h1 class=\"wp-block-post-title\">Features<\/h1>\n\n<section class=\"py-16\"><div class=\"max-w-6xl mx-auto space-y-12\"><a href=\"https:\/\/eventsoffice.com\/fr\/feature\/messaging\/\" class=\"block transition duration-300\"><div class=\"bg-white rounded-3xl shadow-md overflow-hidden hover:-translate-y-1 hover:shadow-xl transition-transform duration-300 flex flex-col md:flex-row gap-6 p-4 md:p-6\"><div class=\"md:w-1\/3 w-full overflow-hidden rounded-2xl\"><img decoding=\"async\" src=\"https:\/\/eventsoffice.com\/wp-content\/uploads\/2025\/07\/email.png\" alt=\"Messagerie\" class=\"object-cover w-full h-full\"><\/div><div class=\"md:w-2\/3 w-full flex flex-col justify-center\"><h3 class=\"text-2xl font-bold text-gray-900 mb-3\">Messagerie<\/h3><div class=\"text-gray-700 leading-relaxed\">\u00c9tablissez des relations durables avec vos \u00e9tudiants gr\u00e2ce \u00e0 une communication opportune et personnalis\u00e9e. Notre \u00e9diteur d'e-mails int\u00e9gr\u00e9 vous permet d'automatiser et de personnaliser votre processus d'accueil, afin que les nouveaux \u00e9tudiants se sentent imm\u00e9diatement les bienvenus.<\/div><\/div><\/div><\/a><a href=\"https:\/\/eventsoffice.com\/fr\/feature\/partner-matching\/\" class=\"block transition duration-300\"><div class=\"bg-white rounded-3xl shadow-md overflow-hidden hover:-translate-y-1 hover:shadow-xl transition-transform duration-300 flex flex-col md:flex-row gap-6 p-4 md:p-6\"><div class=\"md:w-1\/3 w-full overflow-hidden rounded-2xl\"><img decoding=\"async\" src=\"https:\/\/eventsoffice.com\/wp-content\/uploads\/2025\/06\/partner-matching-1.png\" alt=\"Mise en relation des partenaires\" class=\"object-cover w-full h-full\"><\/div><div class=\"md:w-2\/3 w-full flex flex-col justify-center\"><h3 class=\"text-2xl font-bold text-gray-900 mb-3\">Mise en relation des partenaires<\/h3><div class=\"text-gray-700 leading-relaxed\">\u00c9liminez le casse-t\u00eate des classes d\u00e9s\u00e9quilibr\u00e9es gr\u00e2ce \u00e0 notre syst\u00e8me intelligent d'appariement des partenaires. Permettez aux meneurs et aux suiveurs de s'inscrire ind\u00e9pendamment, et notre algorithme avanc\u00e9 garantira un ratio \u00e9quilibr\u00e9 dans vos classes.<\/div><\/div><\/div><\/a><a href=\"https:\/\/eventsoffice.com\/fr\/feature\/offers-bundles\/\" class=\"block transition duration-300\"><div class=\"bg-white rounded-3xl shadow-md overflow-hidden hover:-translate-y-1 hover:shadow-xl transition-transform duration-300 flex flex-col md:flex-row gap-6 p-4 md:p-6\"><div class=\"md:w-1\/3 w-full overflow-hidden rounded-2xl\"><img decoding=\"async\" src=\"https:\/\/eventsoffice.com\/wp-content\/uploads\/2025\/07\/bundle.png\" alt=\"Offers &amp; Bundles\" class=\"object-cover w-full h-full\"><\/div><div class=\"md:w-2\/3 w-full flex flex-col justify-center\"><h3 class=\"text-2xl font-bold text-gray-900 mb-3\">Offres et offres group\u00e9es<\/h3><div class=\"text-gray-700 leading-relaxed\">Stimulez vos ventes en proposant des forfaits et des offres sp\u00e9ciales attrayantes. Notre logiciel facilite la cr\u00e9ation d'offres combin\u00e9es pour plusieurs \u00e9v\u00e9nements, telles qu'une offre sp\u00e9ciale \"2 pour 1\", un \"Super Bundle\" complet pour un atelier d'un week-end, ou des prix \u00e9chelonn\u00e9s pour un festival de danse \u00e0 part enti\u00e8re.<\/div><\/div><\/div><\/a><a href=\"https:\/\/eventsoffice.com\/fr\/feature\/student-management\/\" class=\"block transition duration-300\"><div class=\"bg-white rounded-3xl shadow-md overflow-hidden hover:-translate-y-1 hover:shadow-xl transition-transform duration-300 flex flex-col md:flex-row gap-6 p-4 md:p-6\"><div class=\"md:w-1\/3 w-full overflow-hidden rounded-2xl\"><img decoding=\"async\" src=\"https:\/\/eventsoffice.com\/wp-content\/uploads\/2025\/07\/students.png\" alt=\"Gestion des \u00e9tudiants\" class=\"object-cover w-full h-full\"><\/div><div class=\"md:w-2\/3 w-full flex flex-col justify-center\"><h3 class=\"text-2xl font-bold text-gray-900 mb-3\">Gestion des \u00e9tudiants<\/h3><div class=\"text-gray-700 leading-relaxed\">Obtenez une connaissance approfondie de votre base d'\u00e9tudiants et prenez des d\u00e9cisions fond\u00e9es sur des donn\u00e9es. Nos outils administratifs complets facilitent la gestion des r\u00e9servations et des informations sur les \u00e9tudiants.<\/div><\/div><\/div><\/a><a href=\"https:\/\/eventsoffice.com\/fr\/feature\/analytics\/\" class=\"block transition duration-300\"><div class=\"bg-white rounded-3xl shadow-md overflow-hidden hover:-translate-y-1 hover:shadow-xl transition-transform duration-300 flex flex-col md:flex-row gap-6 p-4 md:p-6\"><div class=\"md:w-1\/3 w-full overflow-hidden rounded-2xl\"><img decoding=\"async\" src=\"https:\/\/eventsoffice.com\/wp-content\/uploads\/2025\/07\/analytics-edited.png\" alt=\"Analyse\" class=\"object-cover w-full h-full\"><\/div><div class=\"md:w-2\/3 w-full flex flex-col justify-center\"><h3 class=\"text-2xl font-bold text-gray-900 mb-3\">Analyse<\/h3><div class=\"text-gray-700 leading-relaxed\">Associ\u00e9 \u00e0 un tableau de bord statistique d\u00e9taill\u00e9 et \u00e0 la possibilit\u00e9 d'exporter vos donn\u00e9es, vous pouvez analyser les tendances de fr\u00e9quentation, suivre la croissance des revenus et comprendre vos clients de mani\u00e8re plus approfondie. Cette connaissance est inestimable pour adapter vos offres et vos efforts de marketing afin d'obtenir un impact maximal.<\/div><\/div><\/div><\/a><a href=\"https:\/\/eventsoffice.com\/fr\/feature\/ticketing\/\" class=\"block transition duration-300\"><div class=\"bg-white rounded-3xl shadow-md overflow-hidden hover:-translate-y-1 hover:shadow-xl transition-transform duration-300 flex flex-col md:flex-row gap-6 p-4 md:p-6\"><div class=\"md:w-1\/3 w-full overflow-hidden rounded-2xl\"><img decoding=\"async\" src=\"https:\/\/eventsoffice.com\/wp-content\/uploads\/2025\/07\/ticket.png\" alt=\"Billetterie\" class=\"object-cover w-full h-full\"><\/div><div class=\"md:w-2\/3 w-full flex flex-col justify-center\"><h3 class=\"text-2xl font-bold text-gray-900 mb-3\">Billetterie<\/h3><div class=\"text-gray-700 leading-relaxed\">Simplifiez votre processus d'enregistrement gr\u00e2ce \u00e0 notre billetterie conviviale, dot\u00e9e d'un code QR. Les \u00e9tudiants peuvent facilement imprimer leurs billets \u00e0 la maison ou les stocker sur leurs appareils mobiles.<\/div><\/div><\/div><\/a><a href=\"https:\/\/eventsoffice.com\/fr\/feature\/extra-sales-channels\/\" class=\"block transition duration-300\"><div class=\"bg-white rounded-3xl shadow-md overflow-hidden hover:-translate-y-1 hover:shadow-xl transition-transform duration-300 flex flex-col md:flex-row gap-6 p-4 md:p-6\"><div class=\"md:w-1\/3 w-full overflow-hidden rounded-2xl\"><img decoding=\"async\" src=\"https:\/\/eventsoffice.com\/wp-content\/uploads\/2025\/07\/bag.png\" alt=\"Canaux de vente suppl\u00e9mentaires\" class=\"object-cover w-full h-full\"><\/div><div class=\"md:w-2\/3 w-full flex flex-col justify-center\"><h3 class=\"text-2xl font-bold text-gray-900 mb-3\">Canaux de vente suppl\u00e9mentaires<\/h3><div class=\"text-gray-700 leading-relaxed\">Transformez vos \u00e9l\u00e8ves en fans fid\u00e8les en leur proposant plus que des cours. Vendez facilement des marchandises, des le\u00e7ons priv\u00e9es ou d'autres services suppl\u00e9mentaires directement \u00e0 la caisse de l'\u00e9v\u00e9nement.<\/div><\/div><\/div><\/a><a href=\"https:\/\/eventsoffice.com\/fr\/feature\/event-management\/\" class=\"block transition duration-300\"><div class=\"bg-white rounded-3xl shadow-md overflow-hidden hover:-translate-y-1 hover:shadow-xl transition-transform duration-300 flex flex-col md:flex-row gap-6 p-4 md:p-6\"><div class=\"md:w-1\/3 w-full overflow-hidden rounded-2xl\"><img decoding=\"async\" src=\"https:\/\/eventsoffice.com\/wp-content\/uploads\/2025\/07\/calendar-2.png\" alt=\"Gestion des \u00e9v\u00e9nements\" class=\"object-cover w-full h-full\"><\/div><div class=\"md:w-2\/3 w-full flex flex-col justify-center\"><h3 class=\"text-2xl font-bold text-gray-900 mb-3\">Gestion des \u00e9v\u00e9nements<\/h3><div class=\"text-gray-700 leading-relaxed\">Vendez n'importe quel type d'\u00e9v\u00e9nement de danse, \u00e0 votre fa\u00e7on. Qu'il s'agisse d'une f\u00eate, d'un atelier, d'une s\u00e9rie de formations, d'un week-end, d'une soir\u00e9e ou d'une retraite, notre logiciel s'adapte \u00e0 votre terminologie et \u00e0 la structure de votre \u00e9v\u00e9nement.<\/div><\/div><\/div><\/a><a href=\"https:\/\/eventsoffice.com\/fr\/feature\/payments\/\" class=\"block transition duration-300\"><div class=\"bg-white rounded-3xl shadow-md overflow-hidden hover:-translate-y-1 hover:shadow-xl transition-transform duration-300 flex flex-col md:flex-row gap-6 p-4 md:p-6\"><div class=\"md:w-1\/3 w-full overflow-hidden rounded-2xl\"><img decoding=\"async\" src=\"https:\/\/eventsoffice.com\/wp-content\/uploads\/2025\/07\/creditcard-1.png\" alt=\"Paiements\" class=\"object-cover w-full h-full\"><\/div><div class=\"md:w-2\/3 w-full flex flex-col justify-center\"><h3 class=\"text-2xl font-bold text-gray-900 mb-3\">Paiements<\/h3><div class=\"text-gray-700 leading-relaxed\">Offrez \u00e0 vos \u00e9tudiants une exp\u00e9rience de paiement transparente et professionnelle. Gr\u00e2ce \u00e0 notre int\u00e9gration pouss\u00e9e avec Stripe, vous pouvez accepter les paiements provenant des principales cartes de cr\u00e9dit et d'une grande vari\u00e9t\u00e9 de m\u00e9thodes de paiement populaires au niveau local.<\/div><\/div><\/div><\/a><\/div><\/section>","protected":false},"excerpt":{"rendered":"","protected":false},"author":1,"featured_media":0,"parent":0,"menu_order":0,"comment_status":"closed","ping_status":"closed","template":"","meta":{"_acf_changed":false,"footnotes":""},"class_list":["post-27","page","type-page","status-publish","hentry"],"acf":[],"_links":{"self":[{"href":"https:\/\/eventsoffice.com\/fr\/wp-json\/wp\/v2\/pages\/27","targetHints":{"allow":["GET"]}}],"collection":[{"href":"https:\/\/eventsoffice.com\/fr\/wp-json\/wp\/v2\/pages"}],"about":[{"href":"https:\/\/eventsoffice.com\/fr\/wp-json\/wp\/v2\/types\/page"}],"author":[{"embeddable":true,"href":"https:\/\/eventsoffice.com\/fr\/wp-json\/wp\/v2\/users\/1"}],"replies":[{"embeddable":true,"href":"https:\/\/eventsoffice.com\/fr\/wp-json\/wp\/v2\/comments?post=27"}],"version-history":[{"count":7,"href":"https:\/\/eventsoffice.com\/fr\/wp-json\/wp\/v2\/pages\/27\/revisions"}],"predecessor-version":[{"id":439,"href":"https:\/\/eventsoffice.com\/fr\/wp-json\/wp\/v2\/pages\/27\/revisions\/439"}],"wp:attachment":[{"href":"https:\/\/eventsoffice.com\/fr\/wp-json\/wp\/v2\/media?parent=27"}],"curies":[{"name":"wp","href":"https:\/\/api.w.org\/{rel}","templated":true}]}}