{"id":57,"date":"2025-06-26T13:30:55","date_gmt":"2025-06-26T11:30:55","guid":{"rendered":"https:\/\/eventsoffice.com\/?page_id=57"},"modified":"2025-07-25T15:13:47","modified_gmt":"2025-07-25T13:13:47","slug":"legal","status":"publish","type":"page","link":"https:\/\/eventsoffice.com\/de\/legal\/","title":{"rendered":"Rechtliches"},"content":{"rendered":"<h1 class=\"wp-block-post-title\">Rechtliches<\/h1>\n\n\n<p><\/p>\n\n\n\n<h2 class=\"wp-block-heading\">Datenschutzerkl\u00e4rung<\/h2>\n\n\n\n<p>Zuletzt aktualisiert am: 25.07.2025<\/p>\n\n\n\n<p>Wir legen grossen Wert darauf, dass der Umgang mit Personendaten transparent ist. Diese Datenschutzerkl\u00e4rung gibt Auskunft dar\u00fcber, welche personenbezogenen Daten wir sammeln, zu welchem Zweck und an wen wir sie weitergeben. Um eine hohe Transparenz zu gew\u00e4hrleisten, wird diese Datenschutzerkl\u00e4rung regelm\u00e4ssig \u00fcberpr\u00fcft und aktualisiert.<\/p>\n\n\n\n<h2 class=\"wp-block-heading\">1. Welche Dienste wir nutzen<\/h2>\n\n\n\n<ul class=\"wp-block-list\">\n<li>Google Analytics<\/li>\n\n\n\n<li>Matomo-Analytik<\/li>\n\n\n\n<li>Matomo Tag Manager<\/li>\n\n\n\n<li>jQuery CDN<\/li>\n\n\n\n<li>WordPress<\/li>\n\n\n\n<li>Google reCaptcha<\/li>\n<\/ul>\n\n\n\n<h2 class=\"wp-block-heading\">2. Kontaktinformationen<\/h2>\n\n\n\n<p>Bei Fragen oder Anliegen zum Schutz Ihrer Daten durch uns erreichen Sie uns jederzeit per E-Mail unter . Verantwortlich f\u00fcr die Datenbearbeitungen, die \u00fcber diese Website erfolgen, ist:<\/p>\n\n\n\n<p>EventsOffice AG<br>Seestrasse 62<br>8806 B\u00e4ch<br>Schweiz<br><br><br><br><br><\/p>\n\n\n\n<h2 class=\"wp-block-heading\">3. Allgemeine Grunds\u00e4tze<\/h2>\n\n\n\n<h3 class=\"wp-block-heading\">3.1 Welche Daten sammeln wir von Ihnen und von wem erhalten wir diese Daten<\/h3>\n\n\n\n<p>In erster Linie bearbeiten wir Personendaten, die Sie uns \u00fcbermitteln oder die wir beim Betrieb unserer Website sammeln. Unter Umst\u00e4nden erhalten wir Personendaten \u00fcber Sie auch von Dritten. Das k\u00f6nnen folgende Kategorien sein:<\/p>\n\n\n\n<ul class=\"wp-block-list\">\n<li>Personenstammdaten (Name, Adresse, Geburtsdaten, etc.);<\/li>\n\n\n\n<li>Kontaktdaten (Handynummer, E-Mailadresse, etc.);<\/li>\n\n\n\n<li>Finanzdaten (bspw. Kontoangaben);<\/li>\n\n\n\n<li>Online-Kennungen (bspw. Cookie-Kennung, IP-Adressen);<\/li>\n\n\n\n<li>Standort- und Verkehrsdaten;<\/li>\n\n\n\n<li>Ton- und Bildaufnahmen;<\/li>\n\n\n\n<li>besonders sch\u00fctzenswerte Daten (bspw. biometrische Daten oder Angaben \u00fcber Ihre Gesundheit).<\/li>\n<\/ul>\n\n\n\n<h3 class=\"wp-block-heading\">3.2 Unter welchen Voraussetzungen bearbeiten wir Ihre Daten?<\/h3>\n\n\n\n<p>Wir behandeln Ihre Daten vertraulich und gem\u00e4\u00df den in dieser Datenschutzerkl\u00e4rung festgelegten Zwecken. Wir achten dabei auf eine transparente und verh\u00e4ltnism\u00e4ssige Bearbeitung.<br><br>Falls wir ausnahmsweise nicht in der Lage sind, diese Grunds\u00e4tze zu befolgen, kann die Datenbearbeitung trotzdem rechtm\u00e4\u00dfig sein, weil ein Rechtfertigungsgrund vorliegt. Als Rechtfertigungsgrund kommt namentlich in Frage:<\/p>\n\n\n\n<ul class=\"wp-block-list\">\n<li>Ihre Zustimmung;<\/li>\n\n\n\n<li>die Durchf\u00fchrung eines Vertrages oder vorvertraglicher Ma\u00dfnahmen;<\/li>\n\n\n\n<li>unsere berechtigten Interessen, sofern Ihre Interessen nicht \u00fcberwiegen.<\/li>\n<\/ul>\n\n\n\n<h3 class=\"wp-block-heading\">3.3 Wie k\u00f6nnen Sie Ihre Zustimmung widerrufen?<\/h3>\n\n\n\n<p>Haben Sie uns eine Einwilligung zur Bearbeitung Ihrer personenbezogenen Daten f\u00fcr bestimmte Zwecke erteilt, bearbeiten wir Ihre Daten im Rahmen dieser Einwilligung, soweit wir keinen anderen Rechtfertigungsgrund haben.<br><br>Sie haben jederzeit die M\u00f6glichkeit, Ihre Einwilligung zu widerrufen indem Sie eine E-Mail an die im Impressum genannte Adresse schicken. Bereits erfolgte Datenverarbeitungen sind davon nicht betroffen.<\/p>\n\n\n\n<h3 class=\"wp-block-heading\">3.4 In welchen F\u00e4llen k\u00f6nnen wir Ihre Daten an Dritte weitergeben?<\/h3>\n\n\n\n<h4 class=\"wp-block-heading\">a. Grundsatz<\/h4>\n\n\n\n<p>Wir sind unter Umst\u00e4nden darauf angewiesen, die Dienste Dritter oder von verbundenen Unternehmen in Anspruch zu nehmen und diese mit der Verarbeitung Ihrer Daten zu beauftragen (sog. Auftragsverarbeiter). Kategorien der Empf\u00e4nger sind namentlich:<\/p>\n\n\n\n<ul class=\"wp-block-list\">\n<li>Buchhaltung, Treuhand und Revisionsunternehmen;<\/li>\n\n\n\n<li>Beratungsunternehmen (Rechtsberatung, Steuern, etc.);<\/li>\n\n\n\n<li>IT-Dienstleister (Webhosting, Support, Clouddienste, Webseitengestaltung, etc.);<\/li>\n\n\n\n<li>Zahlungsdienstleister;<\/li>\n\n\n\n<li>Anbieter von Tracking-, Conversion- und Werbedienstleistungen.<\/li>\n<\/ul>\n\n\n\n<p>Wir stellen sicher, dass diese Dritten und unsere verbundenen Unternehmen die Voraussetzungen des Datenschutzes einhalten und Ihre personenbezogenen Daten vertraulich behandeln.<br><br>Unter Umst\u00e4nden sind wir auch verpflichtet, Ihre personenbezogenen Daten an Beh\u00f6rden bekanntzugeben.<\/p>\n\n\n\n<h4 class=\"wp-block-heading\">b. Besuch unserer Social-Media-Kan\u00e4le<\/h4>\n\n\n\n<p>Wir haben eventuell auf unserer Website Links zu unseren Social-Media-Kan\u00e4len eingebettet. Das ist f\u00fcr Sie jeweils ersichtlich (typischerweise \u00fcber entsprechende Symbole). Klicken Sie auf die Symbole, werden Sie auf unsere Social-Media-Kan\u00e4le weitergeleitet.<br><br>Die Social Media Anbieter erfahren in diesem Fall, dass Sie von unserer Website auf deren Plattform zugreifen. Die Social Media Anbieter k\u00f6nnen die so erhobenen Daten f\u00fcr eigene Zwecke nutzen. Wir weisen darauf hin, dass wir keine Kenntnis vom Inhalt der \u00fcbermittelten Daten sowie deren Nutzung durch die Betreiber erhalten.<\/p>\n\n\n\n<h4 class=\"wp-block-heading\">c. Weitergabe ins Ausland<\/h4>\n\n\n\n<p>Unter Umst\u00e4nden kann es im Rahmen der Auftragsbearbeitung zur \u00dcbermittlung Ihrer personenbezogenen Daten an Unternehmen im Ausland kommen. Diese Unternehmen sind im gleichen Umfang zum Datenschutz verpflichtet, wie wir selbst. Die \u00dcbermittlung kann weltweit stattfinden.<br><br>Entspricht das Datenschutzniveau nicht demjenigen der Schweiz, so nehmen wir eine vorg\u00e4ngige Risikoeinsch\u00e4tzung vor und stellen vertraglich sicher, dass der gleiche Schutz wie in der Schweiz garantiert wird (bspw. mittels der neuen Standardvertragsklauseln der EU-Kommission oder anderen, gesetzlich vorgegebenen Massnahmen). Sollte unsere Risikoeinsch\u00e4tzung negativ ausfallen, ergreifen wir zus\u00e4tzliche technische Ma\u00dfnahmen zum Schutz Ihrer Daten. Sie k\u00f6nnen die Standardvertragsklauseln der EU-Kommission unter folgendem Link abrufen. https:\/\/commission.europa.eu\/publications\/standard-contractual-clauses-controllers-and-processors-eueea_de<\/p>\n\n\n\n<h3 class=\"wp-block-heading\">3.5 Wie lange bewahren wir Ihre Daten auf?<\/h3>\n\n\n\n<p>Wir speichern personenbezogene Daten nur so lange, wie dies erforderlich ist, um die einzelnen Zwecke, zu denen die Daten erhoben wurden, zu erf\u00fcllen.<br><br>Daten, die wir bei Ihrem Besuch auf unserer Website speichern, werden w\u00e4hrend zw\u00f6lf Monaten aufbewahrt. Eine Ausnahme gilt f\u00fcr Analyse- und Trackingdaten, die l\u00e4nger aufbewahrt werden k\u00f6nnen.<br><br>Vertragsdaten speichern wir l\u00e4nger, da wir dazu durch gesetzliche Vorschriften verpflichtet sind. Wir m\u00fcssen insbesondere gesch\u00e4ftliche Kommunikation, geschlossene Vertr\u00e4ge und Buchungsbelege bis zu 10 Jahren aufbewahren. Soweit wir solche Daten von Ihnen nicht mehr zur Durchf\u00fchrung der Dienstleistungen ben\u00f6tigen, werden die Daten gesperrt und wir verwenden sie nur noch f\u00fcr Zwecke der Rechnungslegung und f\u00fcr Steuerzwecke.<\/p>\n\n\n\n<h3 class=\"wp-block-heading\">3.6 Wie sch\u00fctzen wir Ihre Daten?<\/h3>\n\n\n\n<p>Wir werden Ihre Daten sicher aufbewahren und alle angemessenen Ma\u00dfnahmen ergreifen, um Ihre Daten vor Verlust, Zugriff, Missbrauch oder \u00c4nderungen zu sch\u00fctzen.<br><br>Unsere Vertragspartner und Mitarbeitende, die Zugang zu Ihren Daten haben, sind zur Einhaltung der datenschutzrechtlichen Bestimmungen verpflichtet. In manchen F\u00e4llen wird es erforderlich sein, dass wir Ihre Anfragen an mit uns verbundene Unternehmen weiterreichen. Auch in diesen F\u00e4llen werden Ihre Daten vertraulich behandelt.<br><br>Innerhalb unserer Webseite verwenden wir das SSL-Verfahren (Secure Socket Layer) in Verbindung mit der jeweils h\u00f6chsten Verschl\u00fcsselungsstufe, die von Ihrem Browser unterst\u00fctzt wird.<\/p>\n\n\n\n<h3 class=\"wp-block-heading\">3.7 Welche Rechte haben Sie?<\/h3>\n\n\n\n<h4 class=\"wp-block-heading\">a. Auskunftsrecht<\/h4>\n\n\n\n<p>Sie k\u00f6nnen jederzeit eine Auskunft \u00fcber die von uns \u00fcber Sie gespeicherten Daten verlangen. Wir bitten Sie, Ihren Auskunftsgesuch zusammen mit einem Identit\u00e4tsnachweis an help@eventsoffice.com zu senden.<br><br>Sie haben ausserdem das Recht, Ihre Daten in einem g\u00e4ngigen Dateiformat zu erhalten, wenn wir Ihre Daten automatisiert bearbeiten, und wenn:<\/p>\n\n\n\n<ul class=\"wp-block-list\">\n<li>Sie Ihre Zustimmung f\u00fcr die Bearbeitung dieser Daten erteilt haben; oder<\/li>\n\n\n\n<li>Sie haben Daten im Zusammenhang mit dem Abschluss oder der Abwicklung eines Vertrags bekannt gegeben.<\/li>\n<\/ul>\n\n\n\n<p>Wir k\u00f6nnen die Auskunft bzw. Datenherausgabe einschr\u00e4nken oder verweigern, wenn dies unseren gesetzlichen Verpflichtungen, berechtigten eigenen oder \u00f6ffentlichen Interessen oder Interessen einer Drittperson entgegensteht.<br><br>Die Bearbeitung Ihres Gesuchs unterliegt der gesetzlichen Bearbeitungsfrist von 30 Tagen. Diese Frist d\u00fcrfen wir jedoch aufgrund von hohem Anfragevolumen, aus rechtlichen oder technischen Gr\u00fcnden oder weil wir n\u00e4here Angaben von Ihnen ben\u00f6tigen, verl\u00e4ngern. Sie werden \u00fcber die Fristverl\u00e4ngerung rechtzeitig mindestens in Textform informiert.<\/p>\n\n\n\n<h4 class=\"wp-block-heading\">b. L\u00f6schung und Berichtigung<\/h4>\n\n\n\n<p>Sie haben jederzeit die M\u00f6glichkeit, die L\u00f6schung oder Berichtigung Ihrer Daten zu verlangen. Wir k\u00f6nnen das Gesuch abweisen, wenn gesetzliche Vorschriften uns zur l\u00e4ngeren bzw. unver\u00e4nderten Aufbewahrung verpflichten oder ein Erlaubnistatbestand Ihrem Gesuch entgegensteht.<br><br>Bitte beachten Sie, dass die Aus\u00fcbung Ihrer Rechte unter Umst\u00e4nden im Konflikt mit vertraglichen Abmachungen stehen und entsprechende Auswirkungen auf die Vertragsdurchf\u00fchrung haben kann (z.B. vorzeitige Vertragsaufl\u00f6sung oder Kostenfolgen).<\/p>\n\n\n\n<h4 class=\"wp-block-heading\">c. Rechtsweg<\/h4>\n\n\n\n<p>Sind Sie von der Bearbeitung personenbezogener Daten betroffen, haben Sie das Recht, Ihre Rechte gerichtlich durchzusetzen oder bei der zust\u00e4ndigen Aufsichtsbeh\u00f6rde eine Meldung einzureichen. Die zust\u00e4ndige Aufsichtsbeh\u00f6rde in der Schweiz ist die Eidgen\u00f6ssische Datenschutz- und \u00d6ffentlichkeitsbeauftragte: https:\/\/www.edoeb.admin.ch<\/p>\n\n\n\n<h3 class=\"wp-block-heading\">3.8 \u00c4nderungen an der Datenschutzerkl\u00e4rung<\/h3>\n\n\n\n<p>Wir k\u00f6nnen diese Datenschutzerkl\u00e4rung jederzeit \u00e4ndern. Die \u00c4nderungen werden auf eventsoffice.com ver\u00f6ffentlicht, Sie werden nicht gesondert dar\u00fcber informiert.<\/p>\n\n\n\n<h2 class=\"wp-block-heading\">4. Einzelne Datenverarbeitungsvorg\u00e4nge<\/h2>\n\n\n\n<h3 class=\"wp-block-heading\">4.1 Bereitstellen der Webseite und Erstellung von Logfiles<\/h3>\n\n\n\n<h4 class=\"wp-block-heading\">Welche Informationen erhalten wir und wie nutzen wir sie?<\/h4>\n\n\n\n<p>Indem Sie eventsoffice.com besuchen, werden auf unseren Servern oder auf Servern von Dienstleistungen und Produkten, die wir beziehen und \/ oder installiert haben, bestimmte Daten automatisch zu Zwecken der Systemadministration, f\u00fcr statistische oder f\u00fcr Sicherungszwecke oder f\u00fcr Trackingzwecke gespeichert. Es handelt sich dabei um:<\/p>\n\n\n\n<ul class=\"wp-block-list\">\n<li>den Namen Ihres Internetserviceproviders;<\/li>\n\n\n\n<li>Ihre IP-Adresse (unter Umst\u00e4nden);<\/li>\n\n\n\n<li>die Version Ihrer Browser-Software;<\/li>\n\n\n\n<li>das Betriebssystem des Rechners mit dem auf die URL zugegriffen wird;<\/li>\n\n\n\n<li>das Datum und die Uhrzeit des Zugriffs;<\/li>\n\n\n\n<li>die Webseite, von der aus Sie URL besuchen;<\/li>\n\n\n\n<li>die Suchw\u00f6rter, die Sie benutzt haben, um die URL zu finden.<\/li>\n<\/ul>\n\n\n\n<h4 class=\"wp-block-heading\">Weshalb d\u00fcrfen wir diese Daten bearbeiten?<\/h4>\n\n\n\n<p>Diese Daten k\u00f6nnen keiner bestimmten Person zugeordnet werden und es findet keine Zusammenf\u00fchrung dieser Daten mit anderen Datenquellen statt. Die Speicherung der Logfiles erfolgt, um die Funktionsf\u00e4higkeit der Webseite zu garantieren und zur Sicherstellung der Sicherheit unserer informationstechnischen Systeme. Hierin besteht unser berechtigtes Interesse.<\/p>\n\n\n\n<h4 class=\"wp-block-heading\">Wie k\u00f6nnen Sie die Datenerfassung verhindern?<\/h4>\n\n\n\n<p>Die Daten werden nur solange gespeichert, wie dies zur Erreichung des Zweckes Ihrer Erhebung notwendig ist. Dementsprechend werden die Daten nach Beendigung jeder Sitzung gel\u00f6scht. Die Speicherung der Logfiles ist f\u00fcr den Betrieb der Webseite zwingend notwendig, Sie haben daher keine M\u00f6glichkeit dagegen Widerspruch zu erheben.<\/p>\n\n\n\n<h3 class=\"wp-block-heading\">4.2 Google Analytics<\/h3>\n\n\n\n<p>Wir verwenden auf unserer Website Google Analytics, einen Webanalysedienst der Google LLC (1600 Amphitheatre Parkway, Mountain View, CA 94043, USA; \"Google\"). Google Analytics verwendet sogenannte \"Cookies\", Textdateien, die auf Ihrem Computer gespeichert werden und die eine Analyse der Benutzung der Website durch Sie erm\u00f6glichen.<br><br>Die durch das Cookie erzeugten Informationen \u00fcber Ihre Benutzung dieser Website werden in der Regel an einen Server von Google in den USA \u00fcbertragen und dort gespeichert. Im Falle der Aktivierung der IP-Anonymisierung auf dieser Website wird Ihre IP-Adresse von Google jedoch innerhalb von Mitgliedstaaten der Europ\u00e4ischen Union oder in anderen Vertragsstaaten des Abkommens \u00fcber den Europ\u00e4ischen Wirtschaftsraum zuvor gek\u00fcrzt. Nur in Ausnahmef\u00e4llen wird die volle IP-Adresse an einen Server von Google in den USA \u00fcbertragen und dort gek\u00fcrzt.<br><br>Im Auftrag des Betreibers dieser Website wird Google diese Informationen benutzen, um Ihre Nutzung der Website auszuwerten, um Reports \u00fcber die Websiteaktivit\u00e4ten zusammenzustellen und um weitere mit der Websitenutzung und der Internetnutzung verbundene Dienstleistungen gegen\u00fcber dem Websitebetreiber zu erbringen.<br><br>Die im Rahmen von Google Analytics von Ihrem Browser \u00fcbermittelte IP-Adresse wird nicht mit anderen Daten von Google zusammengef\u00fchrt.<br><br>Sie k\u00f6nnen die Speicherung der Cookies durch eine entsprechende Einstellung Ihrer Browser-Software verhindern; wir weisen Sie jedoch darauf hin, dass Sie in diesem Fall gegebenenfalls nicht alle Funktionen dieser Website vollumf\u00e4nglich nutzen k\u00f6nnen. Sie k\u00f6nnen dar\u00fcber hinaus die Erfassung der durch das Cookie erzeugten und auf Ihre Nutzung der Website bezogenen Daten (inkl. Ihrer IP-Adresse) an Google sowie die Verarbeitung dieser Daten durch Google verhindern, indem Sie das unter dem folgenden Link verf\u00fcgbare Browser-Plugin herunterladen und installieren: https:\/\/tools.google.com\/dlpage\/gaoptout.<\/p>\n\n\n\n<h3 class=\"wp-block-heading\">4.3 Matomo-Analytik<\/h3>\n\n\n\n<p>Wir verwenden auf unserer Website den Dienst \"Matomo Analytics\", der von der InnoCraft Ltd. 150 Willis St, 6011 Wellington, Neuseeland bereitgestellt wird. Matomo ist eine Open-Source-Software, die detaillierte Webanalysen erm\u00f6glicht und dabei grossen Wert auf den Schutz der Privatsph\u00e4re der Nutzer legt.<br><br>Mit Hilfe von Matomo Analytics k\u00f6nnen wir das Verhalten unserer Besucher analysieren, um das Nutzererlebnis und die Inhalte unserer Website stetig zu verbessern. Dies beinhaltet Informationen dar\u00fcber, von welcher Website ein Besucher kommt, welche Bereiche unserer Seite er besucht und wie oft und wie lange er diese Bereiche betrachtet.<br><br>Matomo Analytics verwendet Cookies, um die Analyse des Nutzerverhaltens zu erm\u00f6glichen. Diese Cookies sammeln Informationen in anonymisierter Form, einschliesslich der Anzahl der Website-Besucher, von woher die Besucher auf die Website gekommen sind und welche Seiten sie besucht haben. Da der Datenschutz bei Matomo einen hohen Stellenwert hat, werden IP-Adressen vor der Speicherung anonymisiert.<br><br>Einer der Hauptgr\u00fcnde f\u00fcr die Verwendung von Matomo Analytics ist der Datenschutz. Im Gegensatz zu anderen Analyse-Tools werden die Daten nicht an Dritte weitergegeben.<\/p>\n\n\n\n<h3 class=\"wp-block-heading\">4.4 Matomo Tag Manager<\/h3>\n\n\n\n<p>Auf unserer Website nutzen wir den \"Matomo Tag Manager\", ein Produkt von InnoCraft Ltd, 150 Willis St, 6011 Wellington, Neuseeland. Der Matomo Tag Manager ist eine Open-Source-L\u00f6sung, die es uns erm\u00f6glicht, verschiedene Codes und Tracking-Pixel auf unserer Website effizient zu verwalten, wobei der Schutz der Privatsph\u00e4re der Nutzer im Vordergrund steht.<br><br>Durch den Einsatz des Matomo Tag Managers k\u00f6nnen wir verschiedene Analyse- und Marketing-Tools auf unserer Website integrieren und verwalten, ohne direkt in den Code der Website eingreifen zu m\u00fcssen. Dies erm\u00f6glicht uns, das Nutzerverhalten besser zu verstehen, unsere Marketingmassnahmen zu optimieren und das allgemeine Nutzererlebnis auf unserer Website zu verbessern.<br><br>Der Matomo Tag Manager verwendet Technologien wie Cookies, um die korrekte Funktionsweise der integrierten Tools zu gew\u00e4hrleisten. Diese Cookies sammeln Informationen in anonymisierter Form. IP-Adressen werden von Matomo standardm\u00e4\u00dfig vor der Speicherung anonymisiert, um den Datenschutz der Nutzer zu gew\u00e4hrleisten.<br><br>Der Matomo Tag Manager legt grossen Wert auf den Datenschutz. Die Daten, die durch die integrierten Tools gesammelt werden, werden nicht an Dritte weitergegeben.<\/p>\n\n\n\n<h3 class=\"wp-block-heading\">4.5 jQuery CDN<\/h3>\n\n\n\n<p>Auf unserer Website verwenden wir das \"jQuery CDN\" (Content Delivery Network), welches von der jQuery Foundation bereitgestellt wird. Die jQuery Foundation ist eine gemeinn\u00fctzige Organisation, die sich der Entwicklung und Unterst\u00fctzung von Open-Source-Software, insbesondere der jQuery-Bibliothek, widmet.<br><br>jQuery ist eine weit verbreitete JavaScript-Bibliothek, die es uns erm\u00f6glicht, Webseitenfunktionen effizienter und benutzerfreundlicher zu gestalten. Durch die Nutzung des jQuery CDN k\u00f6nnen wir sicherstellen, dass diese Bibliothek schnell und zuverl\u00e4ssig auf unsere Website geladen wird, wodurch die Ladezeiten und die allgemeine Benutzererfahrung verbessert werden.<br><br>Das jQuery CDN verwendet Cookies und \u00e4hnliche Technologien, um Anfragen von Benutzern zu verarbeiten und die Auslieferung der Bibliothek zu optimieren. Dabei k\u00f6nnen IP-Adressen und Browser-Informationen der Benutzer erfasst werden, um die bestm\u00f6gliche Performance und Kompatibilit\u00e4t zu gew\u00e4hrleisten.<br><br>Wenn Sie nicht m\u00f6chten, dass Ihre Daten durch das jQuery CDN erfasst werden, k\u00f6nnen Sie in Ihrem Browser entsprechende Einstellungen vornehmen, um das Laden von Inhalten aus externen Quellen zu blockieren. Beachten Sie jedoch, dass dies die Funktionalit\u00e4t und das Benutzererlebnis unserer Website beeintr\u00e4chtigen kann.<\/p>\n\n\n\n<h3 class=\"wp-block-heading\">4.6 WordPress<\/h3>\n\n\n\n<p>Unsere Website basiert auf der Plattform WordPress, einem Content-Management-System, das von der Automattic Inc., 60 29th Street #343, San Francisco, CA 94110, USA entwickelt wurde. WordPress erm\u00f6glicht es uns, Inhalte zu erstellen, zu verwalten und zu ver\u00f6ffentlichen.<br><br>Bei der Nutzung unserer Website, die auf WordPress basiert, k\u00f6nnen verschiedene Daten, einschliesslich Ihrer IP-Adresse, Datum und Uhrzeit des Zugriffs, sowie Informationen \u00fcber den von Ihnen genutzten Browser, erfasst und gespeichert werden. Diese Daten werden haupts\u00e4chlich f\u00fcr administrative Zwecke und zur Sicherstellung eines st\u00f6rungsfreien Betriebs der Website verwendet.<br><br>Einige WordPress-Funktionen, wie Kommentare oder Kontaktformulare, k\u00f6nnen zus\u00e4tzliche personenbezogene Daten erfassen, wenn Sie diese nutzen.<\/p>\n\n\n\n<h3 class=\"wp-block-heading\">4.7 Google reCaptcha<\/h3>\n\n\n\n<p>Zum Schutz von ungew\u00fcnschten Anfragen \u00fcber das Internetformular auf unserer Website verwenden wir den Dienst reCAPTCHA des Unternehmens Google LLC (1600 Amphitheatre Parkway, Mountain View, CA 94043, USA; \"Google\"). Die Abfrage dient der Unterscheidung, ob die Eingabe durch einen Menschen oder missbr\u00e4uchlich durch automatisierte, maschinelle Verarbeitung erfolgt. Im Rahmen der Abfrage k\u00f6nnen Informationen, wie beispielsweise Ihre IP-Adresse oder das Verhalten beim Ausf\u00fcllen des Formulars, an Google \u00fcbermittelt werden.<br><br>Zu diesem Zweck wird Ihre Eingabe an Google \u00fcbermittelt und dort weiterverarbeitet. Durch die Nutzung von reCAPTCHA erkl\u00e4ren Sie sich damit einverstanden, dass die von Ihnen geleistete Erkennung in die Digitalisierung alter Werke einfliesst. Im Falle der Aktivierung der IP-Anonymisierung auf dieser Webseite wird Ihre IP-Adresse von Google jedoch innerhalb von Mitgliedstaaten der Europ\u00e4ischen Union oder in anderen Vertragsstaaten des Abkommens \u00fcber den Europ\u00e4ischen Wirtschaftsraum zuvor gek\u00fcrzt.<br><br>Nur in Ausnahmef\u00e4llen wird die volle IP-Adresse an einen Server von Google in den USA \u00fcbertragen und dort gek\u00fcrzt. Im Auftrag des Betreibers dieser Website wird Google diese Informationen benutzen, um Ihre Nutzung dieses Dienstes auszuwerten. Die im Rahmen von reCAPTCHA von Ihrem Browser \u00fcbermittelte IP-Adresse wird nicht mit anderen Daten von Google zusammengef\u00fchrt.<\/p>\n\n\n\n<h3 class=\"wp-block-heading\">BrainBox Generatoren<\/h3>\n\n\n\n<p>BrainBox Generatoren ist ein Dienst der BrainBox Solutions GmbH, um alle datenschutzrelevanten Dienste auf einer Website zu erkennen und unter anderem damit bei der Erstellung der Datenschutzerkl\u00e4rung zu helfen. Dabei werden keine personenbezogenen Daten erfasst oder verarbeitet.<\/p>","protected":false},"excerpt":{"rendered":"<p>Datenschutzerkl\u00e4rung Zuletzt aktualisiert am: 25.07.2025 Wir legen grossen Wert darauf, dass der Umgang mit Personendaten transparent ist. Diese Datenschutzerkl\u00e4rung gibt Auskunft dar\u00fcber, welche personenbezogenen Daten wir sammeln, zu welchem Zweck und an wen wir sie weitergeben. Um eine hohe Transparenz zu gew\u00e4hrleisten, wird diese Datenschutzerkl\u00e4rung regelm\u00e4ssig \u00fcberpr\u00fcft und aktualisiert. 1. Welche Dienste wir nutzen 2. [&hellip;]<\/p>\n","protected":false},"author":1,"featured_media":0,"parent":0,"menu_order":0,"comment_status":"closed","ping_status":"closed","template":"","meta":{"_acf_changed":false,"footnotes":""},"class_list":["post-57","page","type-page","status-publish","hentry"],"acf":[],"_links":{"self":[{"href":"https:\/\/eventsoffice.com\/de\/wp-json\/wp\/v2\/pages\/57","targetHints":{"allow":["GET"]}}],"collection":[{"href":"https:\/\/eventsoffice.com\/de\/wp-json\/wp\/v2\/pages"}],"about":[{"href":"https:\/\/eventsoffice.com\/de\/wp-json\/wp\/v2\/types\/page"}],"author":[{"embeddable":true,"href":"https:\/\/eventsoffice.com\/de\/wp-json\/wp\/v2\/users\/1"}],"replies":[{"embeddable":true,"href":"https:\/\/eventsoffice.com\/de\/wp-json\/wp\/v2\/comments?post=57"}],"version-history":[{"count":7,"href":"https:\/\/eventsoffice.com\/de\/wp-json\/wp\/v2\/pages\/57\/revisions"}],"predecessor-version":[{"id":795,"href":"https:\/\/eventsoffice.com\/de\/wp-json\/wp\/v2\/pages\/57\/revisions\/795"}],"wp:attachment":[{"href":"https:\/\/eventsoffice.com\/de\/wp-json\/wp\/v2\/media?parent=57"}],"curies":[{"name":"wp","href":"https:\/\/api.w.org\/{rel}","templated":true}]}}