{"id":27,"date":"2025-06-26T09:50:14","date_gmt":"2025-06-26T09:50:14","guid":{"rendered":"https:\/\/eventsoffice.com\/?page_id=27"},"modified":"2025-07-01T11:13:31","modified_gmt":"2025-07-01T09:13:31","slug":"funktionen","status":"publish","type":"page","link":"https:\/\/eventsoffice.com\/de\/features\/","title":{"rendered":"Funktionen"},"content":{"rendered":"<h1 class=\"wp-block-post-title\">Funktionen<\/h1>\n\n<section class=\"py-16\"><div class=\"max-w-6xl mx-auto space-y-12\"><a href=\"https:\/\/eventsoffice.com\/de\/feature\/messaging\/\" class=\"block transition duration-300\"><div class=\"bg-white rounded-3xl shadow-md overflow-hidden hover:-translate-y-1 hover:shadow-xl transition-transform duration-300 flex flex-col md:flex-row gap-6 p-4 md:p-6\"><div class=\"md:w-1\/3 w-full overflow-hidden rounded-2xl\"><img decoding=\"async\" src=\"https:\/\/eventsoffice.com\/wp-content\/uploads\/2025\/07\/email.png\" alt=\"Nachrichten\u00fcbermittlung\" class=\"object-cover w-full h-full\"><\/div><div class=\"md:w-2\/3 w-full flex flex-col justify-center\"><h3 class=\"text-2xl font-bold text-gray-900 mb-3\">Nachrichten\u00fcbermittlung<\/h3><div class=\"text-gray-700 leading-relaxed\">Bauen Sie dauerhafte Beziehungen zu Ihren Studenten durch zeitnahe und pers\u00f6nliche Kommunikation auf. Unser integrierter E-Mail-Editor erm\u00f6glicht es Ihnen, Ihren Einf\u00fchrungsprozess zu automatisieren und anzupassen, sodass sich neue Studierende sofort willkommen f\u00fchlen.<\/div><\/div><\/div><\/a><a href=\"https:\/\/eventsoffice.com\/de\/feature\/partner-matching\/\" class=\"block transition duration-300\"><div class=\"bg-white rounded-3xl shadow-md overflow-hidden hover:-translate-y-1 hover:shadow-xl transition-transform duration-300 flex flex-col md:flex-row gap-6 p-4 md:p-6\"><div class=\"md:w-1\/3 w-full overflow-hidden rounded-2xl\"><img decoding=\"async\" src=\"https:\/\/eventsoffice.com\/wp-content\/uploads\/2025\/06\/partner-matching-1.png\" alt=\"Partner-Matching\" class=\"object-cover w-full h-full\"><\/div><div class=\"md:w-2\/3 w-full flex flex-col justify-center\"><h3 class=\"text-2xl font-bold text-gray-900 mb-3\">Partner-Matching<\/h3><div class=\"text-gray-700 leading-relaxed\">Beseitigen Sie die Probleme mit unausgewogenen Klassen mit unserem intelligenten Partner-Matching. Erlauben Sie Leitern und Mitl\u00e4ufern, sich unabh\u00e4ngig voneinander anzumelden, und unser fortschrittlicher Algorithmus sorgt f\u00fcr ein ausgewogenes Verh\u00e4ltnis in Ihren Klassen.<\/div><\/div><\/div><\/a><a href=\"https:\/\/eventsoffice.com\/de\/feature\/offers-bundles\/\" class=\"block transition duration-300\"><div class=\"bg-white rounded-3xl shadow-md overflow-hidden hover:-translate-y-1 hover:shadow-xl transition-transform duration-300 flex flex-col md:flex-row gap-6 p-4 md:p-6\"><div class=\"md:w-1\/3 w-full overflow-hidden rounded-2xl\"><img decoding=\"async\" src=\"https:\/\/eventsoffice.com\/wp-content\/uploads\/2025\/07\/bundle.png\" alt=\"Angebote &amp; Bundles\" class=\"object-cover w-full h-full\"><\/div><div class=\"md:w-2\/3 w-full flex flex-col justify-center\"><h3 class=\"text-2xl font-bold text-gray-900 mb-3\">Angebote &amp; Bundles<\/h3><div class=\"text-gray-700 leading-relaxed\">Steigern Sie Ihren Umsatz mit attraktiven Veranstaltungspaketen und Sonderangeboten. Unsere Software macht es einfach, kombinierte Angebote f\u00fcr mehrere Veranstaltungen zu erstellen, z. B. ein \"2-f\u00fcr-1\"-Special, ein umfassendes \"Super-Bundle\" f\u00fcr einen Wochenend-Workshop oder gestaffelte Preise f\u00fcr ein komplettes Tanzfestival.<\/div><\/div><\/div><\/a><a href=\"https:\/\/eventsoffice.com\/de\/feature\/student-management\/\" class=\"block transition duration-300\"><div class=\"bg-white rounded-3xl shadow-md overflow-hidden hover:-translate-y-1 hover:shadow-xl transition-transform duration-300 flex flex-col md:flex-row gap-6 p-4 md:p-6\"><div class=\"md:w-1\/3 w-full overflow-hidden rounded-2xl\"><img decoding=\"async\" src=\"https:\/\/eventsoffice.com\/wp-content\/uploads\/2025\/07\/students.png\" alt=\"Studentenverwaltung\" class=\"object-cover w-full h-full\"><\/div><div class=\"md:w-2\/3 w-full flex flex-col justify-center\"><h3 class=\"text-2xl font-bold text-gray-900 mb-3\">Studentenverwaltung<\/h3><div class=\"text-gray-700 leading-relaxed\">Gewinnen Sie tiefe Einblicke in Ihren Studentenstamm und treffen Sie datengest\u00fctzte Entscheidungen. Unsere umfassenden Verwaltungstools machen die Verwaltung von Buchungen und Teilnehmerinformationen m\u00fchelos.<\/div><\/div><\/div><\/a><a href=\"https:\/\/eventsoffice.com\/de\/feature\/analytics\/\" class=\"block transition duration-300\"><div class=\"bg-white rounded-3xl shadow-md overflow-hidden hover:-translate-y-1 hover:shadow-xl transition-transform duration-300 flex flex-col md:flex-row gap-6 p-4 md:p-6\"><div class=\"md:w-1\/3 w-full overflow-hidden rounded-2xl\"><img decoding=\"async\" src=\"https:\/\/eventsoffice.com\/wp-content\/uploads\/2025\/07\/analytics-edited.png\" alt=\"Analytik\" class=\"object-cover w-full h-full\"><\/div><div class=\"md:w-2\/3 w-full flex flex-col justify-center\"><h3 class=\"text-2xl font-bold text-gray-900 mb-3\">Analytik<\/h3><div class=\"text-gray-700 leading-relaxed\">In Verbindung mit einem detaillierten Statistik-Dashboard und der M\u00f6glichkeit, Ihre Daten zu exportieren, k\u00f6nnen Sie Besuchertrends analysieren, das Umsatzwachstum verfolgen und Ihre Kunden auf einer tieferen Ebene verstehen. Dieses Wissen ist von unsch\u00e4tzbarem Wert, wenn es darum geht, Ihr Angebot und Ihre Marketingbem\u00fchungen auf maximale Wirkung zu trimmen.<\/div><\/div><\/div><\/a><a href=\"https:\/\/eventsoffice.com\/de\/feature\/ticketing\/\" class=\"block transition duration-300\"><div class=\"bg-white rounded-3xl shadow-md overflow-hidden hover:-translate-y-1 hover:shadow-xl transition-transform duration-300 flex flex-col md:flex-row gap-6 p-4 md:p-6\"><div class=\"md:w-1\/3 w-full overflow-hidden rounded-2xl\"><img decoding=\"async\" src=\"https:\/\/eventsoffice.com\/wp-content\/uploads\/2025\/07\/ticket.png\" alt=\"Ticketverkauf\" class=\"object-cover w-full h-full\"><\/div><div class=\"md:w-2\/3 w-full flex flex-col justify-center\"><h3 class=\"text-2xl font-bold text-gray-900 mb-3\">Ticketverkauf<\/h3><div class=\"text-gray-700 leading-relaxed\">Vereinfachen Sie Ihren Check-in-Prozess mit unserem benutzerfreundlichen, QR-Code-f\u00e4higen Ticketing. Unsere Tickets k\u00f6nnen Ihre Sch\u00fcler einfach zu Hause ausdrucken oder auf ihren mobilen Ger\u00e4ten speichern.<\/div><\/div><\/div><\/a><a href=\"https:\/\/eventsoffice.com\/de\/feature\/extra-sales-channels\/\" class=\"block transition duration-300\"><div class=\"bg-white rounded-3xl shadow-md overflow-hidden hover:-translate-y-1 hover:shadow-xl transition-transform duration-300 flex flex-col md:flex-row gap-6 p-4 md:p-6\"><div class=\"md:w-1\/3 w-full overflow-hidden rounded-2xl\"><img decoding=\"async\" src=\"https:\/\/eventsoffice.com\/wp-content\/uploads\/2025\/07\/bag.png\" alt=\"Zus\u00e4tzliche Verkaufskan\u00e4le\" class=\"object-cover w-full h-full\"><\/div><div class=\"md:w-2\/3 w-full flex flex-col justify-center\"><h3 class=\"text-2xl font-bold text-gray-900 mb-3\">Zus\u00e4tzliche Verkaufskan\u00e4le<\/h3><div class=\"text-gray-700 leading-relaxed\">Machen Sie Ihre Sch\u00fcler zu treuen Fans, indem Sie mehr als nur Unterricht anbieten. Verkaufen Sie ganz einfach Waren, Privatstunden oder andere zus\u00e4tzliche Dienstleistungen direkt \u00fcber die Veranstaltungskasse.<\/div><\/div><\/div><\/a><a href=\"https:\/\/eventsoffice.com\/de\/feature\/event-management\/\" class=\"block transition duration-300\"><div class=\"bg-white rounded-3xl shadow-md overflow-hidden hover:-translate-y-1 hover:shadow-xl transition-transform duration-300 flex flex-col md:flex-row gap-6 p-4 md:p-6\"><div class=\"md:w-1\/3 w-full overflow-hidden rounded-2xl\"><img decoding=\"async\" src=\"https:\/\/eventsoffice.com\/wp-content\/uploads\/2025\/07\/calendar-2.png\" alt=\"Eventmanagement\" class=\"object-cover w-full h-full\"><\/div><div class=\"md:w-2\/3 w-full flex flex-col justify-center\"><h3 class=\"text-2xl font-bold text-gray-900 mb-3\">Eventmanagement<\/h3><div class=\"text-gray-700 leading-relaxed\">Verkaufen Sie jede Art von Tanzveranstaltung auf Ihre Weise. Egal, ob Sie es eine Party, einen Workshop, eine Trainingsreihe, einen Wochenendausflug, eine Veranstaltung oder ein Retreat nennen, unsere Software passt sich an Ihre Terminologie und Veranstaltungsstruktur an.<\/div><\/div><\/div><\/a><a href=\"https:\/\/eventsoffice.com\/de\/feature\/payments\/\" class=\"block transition duration-300\"><div class=\"bg-white rounded-3xl shadow-md overflow-hidden hover:-translate-y-1 hover:shadow-xl transition-transform duration-300 flex flex-col md:flex-row gap-6 p-4 md:p-6\"><div class=\"md:w-1\/3 w-full overflow-hidden rounded-2xl\"><img decoding=\"async\" src=\"https:\/\/eventsoffice.com\/wp-content\/uploads\/2025\/07\/creditcard-1.png\" alt=\"Zahlungen\" class=\"object-cover w-full h-full\"><\/div><div class=\"md:w-2\/3 w-full flex flex-col justify-center\"><h3 class=\"text-2xl font-bold text-gray-900 mb-3\">Zahlungen<\/h3><div class=\"text-gray-700 leading-relaxed\">Bieten Sie Ihren Studenten ein nahtloses und professionelles Zahlungserlebnis. Dank unserer tiefgreifenden Integration mit Stripe k\u00f6nnen Sie Zahlungen mit allen g\u00e4ngigen Kreditkarten und einer Vielzahl von lokal g\u00e4ngigen Zahlungsmethoden akzeptieren.<\/div><\/div><\/div><\/a><\/div><\/section>","protected":false},"excerpt":{"rendered":"","protected":false},"author":1,"featured_media":0,"parent":0,"menu_order":0,"comment_status":"closed","ping_status":"closed","template":"","meta":{"_acf_changed":false,"footnotes":""},"class_list":["post-27","page","type-page","status-publish","hentry"],"acf":[],"_links":{"self":[{"href":"https:\/\/eventsoffice.com\/de\/wp-json\/wp\/v2\/pages\/27","targetHints":{"allow":["GET"]}}],"collection":[{"href":"https:\/\/eventsoffice.com\/de\/wp-json\/wp\/v2\/pages"}],"about":[{"href":"https:\/\/eventsoffice.com\/de\/wp-json\/wp\/v2\/types\/page"}],"author":[{"embeddable":true,"href":"https:\/\/eventsoffice.com\/de\/wp-json\/wp\/v2\/users\/1"}],"replies":[{"embeddable":true,"href":"https:\/\/eventsoffice.com\/de\/wp-json\/wp\/v2\/comments?post=27"}],"version-history":[{"count":7,"href":"https:\/\/eventsoffice.com\/de\/wp-json\/wp\/v2\/pages\/27\/revisions"}],"predecessor-version":[{"id":439,"href":"https:\/\/eventsoffice.com\/de\/wp-json\/wp\/v2\/pages\/27\/revisions\/439"}],"wp:attachment":[{"href":"https:\/\/eventsoffice.com\/de\/wp-json\/wp\/v2\/media?parent=27"}],"curies":[{"name":"wp","href":"https:\/\/api.w.org\/{rel}","templated":true}]}}